{"id":1819,"date":"2025-04-06T17:07:02","date_gmt":"2025-04-06T14:07:02","guid":{"rendered":"https:\/\/www.ahdclinic.com\/?page_id=1819"},"modified":"2025-10-16T01:04:45","modified_gmt":"2025-10-15T22:04:45","slug":"dr-hakan-doganay","status":"publish","type":"page","link":"https:\/\/www.ahdclinic.com\/tr\/dr-hakan-doganay\/","title":{"rendered":"Dr. Hakan Do\u011fanay"},"content":{"rendered":"\n<p>Hem T\u00fcrkiye\u2019 de hem de d\u00fcnyada sayg\u0131n bir yeri olan Dr. Hakan Do\u011fanay uluslararas\u0131 sa\u00e7 cerrahisi bir \u00e7ok kurulu\u015fun da \u00fcyesidir. AHD klini\u011fin kurucusu olan Dr. Do\u011fanay \u00e7al\u0131\u015fmalar\u0131na Antalya\u2019da kendi klini\u011finde devam etmektedir.<\/p>\n\n\n\n<div id=\"ez-toc-container\" class=\"ez-toc-v2_0_82_1 counter-hierarchy ez-toc-counter ez-toc-grey ez-toc-container-direction\">\n<div class=\"ez-toc-title-container\">\n<p class=\"ez-toc-title\" style=\"cursor:inherit\">Table of Contents<\/p>\n<span class=\"ez-toc-title-toggle\"><a href=\"#\" class=\"ez-toc-pull-right ez-toc-btn ez-toc-btn-xs ez-toc-btn-default ez-toc-toggle\" aria-label=\"\u0130\u00e7indekiler Tablosunu A\u00e7\/Kapat\"><span class=\"ez-toc-js-icon-con\"><span class=\"\"><span class=\"eztoc-hide\" style=\"display:none;\">Toggle<\/span><span class=\"ez-toc-icon-toggle-span\"><svg style=\"fill: #999;color:#999\" xmlns=\"http:\/\/www.w3.org\/2000\/svg\" class=\"list-377408\" width=\"20px\" height=\"20px\" viewBox=\"0 0 24 24\" fill=\"none\"><path d=\"M6 6H4v2h2V6zm14 0H8v2h12V6zM4 11h2v2H4v-2zm16 0H8v2h12v-2zM4 16h2v2H4v-2zm16 0H8v2h12v-2z\" fill=\"currentColor\"><\/path><\/svg><svg style=\"fill: #999;color:#999\" class=\"arrow-unsorted-368013\" xmlns=\"http:\/\/www.w3.org\/2000\/svg\" width=\"10px\" height=\"10px\" viewBox=\"0 0 24 24\" version=\"1.2\" baseProfile=\"tiny\"><path d=\"M18.2 9.3l-6.2-6.3-6.2 6.3c-.2.2-.3.4-.3.7s.1.5.3.7c.2.2.4.3.7.3h11c.3 0 .5-.1.7-.3.2-.2.3-.5.3-.7s-.1-.5-.3-.7zM5.8 14.7l6.2 6.3 6.2-6.3c.2-.2.3-.5.3-.7s-.1-.5-.3-.7c-.2-.2-.4-.3-.7-.3h-11c-.3 0-.5.1-.7.3-.2.2-.3.5-.3.7s.1.5.3.7z\"\/><\/svg><\/span><\/span><\/span><\/a><\/span><\/div>\n<nav><ul class='ez-toc-list ez-toc-list-level-1 eztoc-toggle-hide-by-default' ><li class='ez-toc-page-1 ez-toc-heading-level-2'><a class=\"ez-toc-link ez-toc-heading-1\" href=\"https:\/\/www.ahdclinic.com\/tr\/dr-hakan-doganay\/#Dr_Hakan_Doganayin_Ozgecmisi\" >Dr. Hakan Do\u011fanay\u2019\u0131n \u00d6zge\u00e7mi\u015fi<\/a><\/li><li class='ez-toc-page-1 ez-toc-heading-level-2'><a class=\"ez-toc-link ez-toc-heading-2\" href=\"https:\/\/www.ahdclinic.com\/tr\/dr-hakan-doganay\/#Dr_Doganayin_Sac_Nakli_Gecmisi\" >Dr. Do\u011fanay\u2019\u0131n Sa\u00e7 Nakli Ge\u00e7mi\u015fi<\/a><\/li><\/ul><\/nav><\/div>\n<h2 class=\"wp-block-heading\"><span class=\"ez-toc-section\" id=\"Dr_Hakan_Doganayin_Ozgecmisi\"><\/span>Dr. Hakan Do\u011fanay\u2019\u0131n \u00d6zge\u00e7mi\u015fi<span class=\"ez-toc-section-end\"><\/span><\/h2>\n\n\n\n<p>Dr. Do\u011fanay 1969 y\u0131l\u0131nda \u0130stanbul\u2019da do\u011fmu\u015ftur. \u0130lkokul ortaokul ve lise e\u011fitimini Konya \u015fehrinde bitirmi\u015ftir. 1986 y\u0131l\u0131nda Konya Sel\u00e7uk \u00dcniversitesi T\u0131p Fak\u00fcltesinde doktorlu\u011fa ad\u0131m atm\u0131\u015f ve 1993 y\u0131l\u0131nda T\u0131p doktoru olarak mezun olmu\u015ftur.<\/p>\n\n\n\n<ul class=\"wp-block-list\">\n<li>1993 \u2013 2009 y\u0131llar\u0131 aras\u0131nda T\u00fcrkiye\u2019nin de\u011fi\u015fik b\u00f6lgelerinde doktorluk g\u00f6revini devam ettirmi\u015ftir.<\/li>\n\n\n\n<li>1993-1995 y\u0131llar\u0131 aras\u0131nda Ni\u011fde ilinde mecburi hizmet g\u00f6revini tamamlam\u0131\u015ft\u0131r.<\/li>\n\n\n\n<li>1996-2000 aras\u0131nda Antalya ili G\u00fcndo\u011fmu\u015f il\u00e7esinde sa\u011fl\u0131k oca\u011f\u0131 hekimi olarak \u00e7al\u0131\u015fm\u0131\u015ft\u0131r.<\/li>\n\n\n\n<li>2000-2004 y\u0131llar\u0131nda Sa\u011fl\u0131k Bakanl\u0131\u011f\u0131 Hudut ve Sahiller Sa\u011fl\u0131k Genel M\u00fcd\u00fcrl\u00fc\u011f\u00fc Antalya B\u00f6lge Ba\u015fhekimi olarak \u00e7al\u0131\u015fm\u0131\u015ft\u0131r.<\/li>\n\n\n\n<li>2004 \u2013 2009 y\u0131llar\u0131 aras\u0131nda ise Antalya Serik Devlet Hastanesi\u2019nde acil servis hekimi olarak doktorluk hizmetine devam etmi\u015ftir.<\/li>\n<\/ul>\n\n\n\n<p>Dr. Hakan Do\u011fanay evli ve 1 erkek \u00e7ocu\u011fu babas\u0131d\u0131r.<\/p>\n\n\n\n<h2 class=\"wp-block-heading\"><span class=\"ez-toc-section\" id=\"Dr_Doganayin_Sac_Nakli_Gecmisi\"><\/span>Dr. Do\u011fanay\u2019\u0131n Sa\u00e7 Nakli Ge\u00e7mi\u015fi<span class=\"ez-toc-section-end\"><\/span><\/h2>\n\n\n\n<p>Dr. Hakan Do\u011fanay, 2003 y\u0131l\u0131nda AHD Sa\u00e7 ekim Merkezini kurmu\u015ftur. 2004 y\u0131l\u0131nda Sa\u011fl\u0131k Bakanl\u0131\u011f\u0131 taraf\u0131nda a\u00e7\u0131lan kurslara kat\u0131larak Medikal Estetik Hekimli\u011fi Sertifikas\u0131n\u0131 almaya hak kazanm\u0131\u015f ve sa\u00e7 ekimi ameliyatlar\u0131na h\u0131z kazand\u0131rm\u0131\u015ft\u0131r. Sa\u00e7 ekimine daha fazla vakit ay\u0131rabilmek i\u00e7in 2009 y\u0131l\u0131nda devlet kadrosundan ayr\u0131lm\u0131\u015f ve halen tam zamanl\u0131 olarak sa\u00e7 nakli operasyonlar\u0131na devam etmektedir.<\/p>\n\n\n\n<p>Dr. Hakan Do\u011fanay sa\u00e7 ekimine 2003 y\u0131l\u0131nda FUT y\u00f6ntemiyle ad\u0131m atm\u0131\u015ft\u0131r. 2005 y\u0131l\u0131ndan itibaren daha modern bir teknik olan FUE y\u00f6ntemiyle sa\u00e7 ekimlerine ba\u015flam\u0131\u015ft\u0131r.<\/p>\n\n\n\n<p>Dr. Do\u011fanay 2010 y\u0131l\u0131ndan itibaren hen\u00fcz o y\u0131llarda T\u00fcrkiye\u2019de ad\u0131 bile bilinmeyen dhi sa\u00e7 ekim tekni\u011fini uygulamaya ba\u015flam\u0131\u015ft\u0131r. Yani implanter pen tekni\u011fi olarak bilinen dhi sa\u00e7 ekiminin T\u00fcrkiye\u2019deki duayeni Dr. Hakan Do\u011fanay\u2019d\u0131r. Youtube arama k\u0131sm\u0131na \u201cdhi sa\u00e7 ekimi before:2011\u201d yazarsan\u0131z o y\u0131llarda kalem y\u00f6ntemiyle sa\u00e7 ekimi olarak sadece Dr. Do\u011fanay\u2019\u0131n videolar\u0131n\u0131 g\u00f6receksiniz. Youtube videolar\u0131n\u0131n yay\u0131n tarihlerine bakarsan\u0131z ba\u015fka kliniklerin dhi videolar\u0131n\u0131 ancak 2017 y\u0131l\u0131ndan sonra g\u00f6rebilirsiniz.<\/p>\n\n\n\n<p>Dr. Do\u011fanay halen sa\u00e7 ekimi operasyonlar\u0131nda al\u0131c\u0131 b\u00f6lgeye greft ekimlerini sadece dhi tekni\u011fiyle uygulamaktad\u0131r. \u00c7\u00fcnk\u00fc bu teknikte sa\u00e7 nakli yap\u0131lan ki\u015filerin mutlu olma oran\u0131n\u0131 daha y\u00fcksek olarak tespit etmi\u015ftir.<\/p>\n\n\n\n<p>AHD klini\u011finde yap\u0131lan i\u015flemler :<\/p>\n\n\n\n<ul class=\"wp-block-list\">\n<li>Kad\u0131n ve erkeklerde t\u0131ra\u015fl\u0131 ve t\u0131ra\u015fs\u0131z sa\u00e7 nakli<\/li>\n\n\n\n<li>Sakal b\u0131y\u0131k ekimi<\/li>\n\n\n\n<li>Sakal ve g\u00f6\u011f\u00fcs gibi v\u00fccut k\u0131llar\u0131ndan sa\u00e7 ekimi<\/li>\n\n\n\n<li><a href=\"https:\/\/www.ahdclinic.com\/tr\/kas-ekimi\/\" target=\"_blank\" data-type=\"post\" data-id=\"208\" rel=\"noreferrer noopener\">Ka\u015f ekimi<\/a><\/li>\n\n\n\n<li>Ba\u015fka kliniklerde yap\u0131lm\u0131\u015f olan hatal\u0131 ve <a href=\"https:\/\/www.ahdclinic.com\/tr\/basarisiz-sac-ekimi\/\" target=\"_blank\" data-type=\"post\" data-id=\"223\" rel=\"noreferrer noopener\">ba\u015far\u0131s\u0131z sa\u00e7 ekimlerinin d\u00fczeltilmesi i\u015flemleri<\/a> y\u0131llard\u0131r uygulanmaktad\u0131r.<\/li>\n<\/ul>\n\n\n\n<p>Ayr\u0131ca T\u00fcrkiye\u2019de sa\u00e7 ekimine g\u00f6n\u00fcl veren bir tak\u0131m doktor meslekta\u015flar\u0131yla birlikte, T\u00fcrkiye Sa\u00e7 Ekimi Hekimleri Derne\u011finin kurucu \u00fcyelerindendir. Bu derne\u011fin amac\u0131 T\u00fcrkiye\u2019deki sa\u00e7 ekimlerinin t\u00fcm d\u00fcnyada hak etti\u011fi sayg\u0131n bir yere getirmek ve sa\u00e7 ektirmek isteyen insanlara do\u011frular\u0131 oldu\u011fu gibi g\u00f6stermektir.<\/p>\n\n\n\n<h3 class=\"wp-block-heading\">Uluslararas\u0131 \u00dcyelikler<\/h3>\n\n\n\n<p>Dr. Hakan Do\u011fanay uluslararas\u0131 alanda bir \u00e7ok sa\u00e7 ekimi derne\u011fi ve forum sitesinin tavsiye edilen doktorlar\u0131 aras\u0131ndad\u0131r. Bundan dolay\u0131 d\u00fcnyan\u0131n her taraf\u0131ndan sa\u00e7 nakli i\u00e7in klini\u011fimize ba\u015fvuru olmaktad\u0131r. Bu kurululardan baz\u0131lar\u0131n\u0131n linkleri \u015funlard\u0131r.<\/p>\n\n\n\n<div class=\"wp-block-essential-blocks-row alignfull  root-eb-row-wtah7\"><div class=\"eb-parent-wrapper eb-parent-eb-row-wtah7 \"><div class=\"eb-row-root-container eb-row-wtah7\" data-id=\"eb-row-wtah7\"><div class=\"eb-row-wrapper\"><div class=\"eb-row-inner\">\n<div class=\"wp-block-essential-blocks-column  root-eb-column-6kjip\"><div class=\"eb-parent-wrapper eb-parent-eb-column-6kjip \"><div class=\"eb-column-wrapper eb-column-6kjip\"><div class=\"eb-column-inner\">\n<div class=\"wp-block-essential-blocks-advanced-image  root-eb-advanced-image-bflx7\"><div class=\"eb-parent-wrapper eb-parent-eb-advanced-image-bflx7 \"><figure class=\"eb-advanced-image-wrapper eb-advanced-image-bflx7 no-effect\" data-id=\"eb-advanced-image-bflx7\"><div class=\"eb-image-wrapper\"><div class=\"eb-image-wrapper-inner eb-img-style-rounded\"><img decoding=\"async\" src=\"https:\/\/www.ahdclinic.com\/wp-content\/uploads\/2025\/10\/ahla-american-hair-loss-.webp\" alt=\"\"\/><\/div><a class=\"eb-image-link\" href=\"https:\/\/www.americanhairloss.org\/hair-transplant-surgeons\/hakan-doganay\/\" target=\"_blank\" rel=\"noopener\"><\/a><\/div><\/figure><\/div><\/div>\n<\/div><\/div><\/div><\/div>\n\n\n\n<div class=\"wp-block-essential-blocks-column  root-eb-column-mkw7j\"><div class=\"eb-parent-wrapper eb-parent-eb-column-mkw7j \"><div class=\"eb-column-wrapper eb-column-mkw7j\"><div class=\"eb-column-inner\">\n<div class=\"wp-block-essential-blocks-advanced-image  root-eb-advanced-image-6mr87\"><div class=\"eb-parent-wrapper eb-parent-eb-advanced-image-6mr87 \"><figure class=\"eb-advanced-image-wrapper eb-advanced-image-6mr87 no-effect\" data-id=\"eb-advanced-image-6mr87\"><div class=\"eb-image-wrapper\"><div class=\"eb-image-wrapper-inner eb-img-style-rounded\"><img decoding=\"async\" src=\"https:\/\/www.ahdclinic.com\/wp-content\/uploads\/2025\/03\/iahrs.jpeg\" alt=\"\"\/><\/div><a class=\"eb-image-link\" href=\"https:\/\/www.iahrs.org\/hair-transplant\/hakan-doganay\" target=\"_blank\" rel=\"noopener\"><\/a><\/div><\/figure><\/div><\/div>\n<\/div><\/div><\/div><\/div>\n\n\n\n<div class=\"wp-block-essential-blocks-column  root-eb-column-nvpgw\"><div class=\"eb-parent-wrapper eb-parent-eb-column-nvpgw \"><div class=\"eb-column-wrapper eb-column-nvpgw\"><div class=\"eb-column-inner\">\n<div class=\"wp-block-essential-blocks-advanced-image  root-eb-advanced-image-xke6j\"><div class=\"eb-parent-wrapper eb-parent-eb-advanced-image-xke6j \"><figure class=\"eb-advanced-image-wrapper eb-advanced-image-xke6j no-effect\" data-id=\"eb-advanced-image-xke6j\"><div class=\"eb-image-wrapper\"><div class=\"eb-image-wrapper-inner eb-img-style-rounded\"><img decoding=\"async\" src=\"https:\/\/www.ahdclinic.com\/wp-content\/uploads\/2025\/03\/hairsite.gif\" alt=\"hairsite\"\/><\/div><a class=\"eb-image-link\" href=\"https:\/\/hairsite.com\/doctor\/antalya-turkey\/ahd-hair-transplant-reviews-antalya-turkey\/\" target=\"_blank\" rel=\"noopener\"><\/a><\/div><\/figure><\/div><\/div>\n<\/div><\/div><\/div><\/div>\n\n\n\n<div class=\"wp-block-essential-blocks-column  root-eb-column-g8tzd\"><div class=\"eb-parent-wrapper eb-parent-eb-column-g8tzd \"><div class=\"eb-column-wrapper eb-column-g8tzd\"><div class=\"eb-column-inner\">\n<div class=\"wp-block-essential-blocks-advanced-image  root-eb-advanced-image-8vxuw\"><div class=\"eb-parent-wrapper eb-parent-eb-advanced-image-8vxuw \"><figure class=\"eb-advanced-image-wrapper eb-advanced-image-8vxuw no-effect\" data-id=\"eb-advanced-image-8vxuw\"><div class=\"eb-image-wrapper\"><div class=\"eb-image-wrapper-inner eb-img-style-rounded\"><img decoding=\"async\" src=\"https:\/\/www.ahdclinic.com\/wp-content\/uploads\/2025\/02\/hairloss.webp\" alt=\"\"\/><\/div><a class=\"eb-image-link\" href=\"https:\/\/www.hairlossexperiences.com\/forums\/dr-hakan-doganay.36\/\" target=\"_blank\" rel=\"noopener\"><\/a><\/div><\/figure><\/div><\/div>\n<\/div><\/div><\/div><\/div>\n\n\n\n<div class=\"wp-block-essential-blocks-column  root-eb-column-n1ie0\"><div class=\"eb-parent-wrapper eb-parent-eb-column-n1ie0 \"><div class=\"eb-column-wrapper eb-column-n1ie0\"><div class=\"eb-column-inner\">\n<div class=\"wp-block-essential-blocks-advanced-image  root-eb-advanced-image-kzzdw\"><div class=\"eb-parent-wrapper eb-parent-eb-advanced-image-kzzdw \"><figure class=\"eb-advanced-image-wrapper eb-advanced-image-kzzdw no-effect\" data-id=\"eb-advanced-image-kzzdw\"><div class=\"eb-image-wrapper\"><div class=\"eb-image-wrapper-inner eb-img-style-rounded\"><img decoding=\"async\" src=\"https:\/\/www.ahdclinic.com\/wp-content\/uploads\/2025\/02\/international.webp\" alt=\"\"\/><\/div><a class=\"eb-image-link\" href=\"https:\/\/www.international-hairlossforum.com\/viewforum.php?f=90&amp;sid=d3be920c12e5bf7e7642dd88eb83c095\" target=\"_blank\" rel=\"noopener\"><\/a><\/div><\/figure><\/div><\/div>\n<\/div><\/div><\/div><\/div>\n\n\n\n<div class=\"wp-block-essential-blocks-column  root-eb-column-6pylo\"><div class=\"eb-parent-wrapper eb-parent-eb-column-6pylo \"><div class=\"eb-column-wrapper eb-column-6pylo\"><div class=\"eb-column-inner\">\n<div class=\"wp-block-essential-blocks-advanced-image  root-eb-advanced-image-gv3da\"><div class=\"eb-parent-wrapper eb-parent-eb-advanced-image-gv3da \"><figure class=\"eb-advanced-image-wrapper eb-advanced-image-gv3da no-effect\" data-id=\"eb-advanced-image-gv3da\"><div class=\"eb-image-wrapper\"><div class=\"eb-image-wrapper-inner eb-img-style-rounded\"><img decoding=\"async\" src=\"https:\/\/www.ahdclinic.com\/wp-content\/uploads\/2025\/10\/best-hair-transplnt-doctors-.webp\" alt=\"\"\/><\/div><a class=\"eb-image-link\" href=\"https:\/\/www.apetogentleman.com\/worlds-best-hair-transplant-doctors\/\" target=\"_blank\" rel=\"noopener\"><\/a><\/div><\/figure><\/div><\/div>\n<\/div><\/div><\/div><\/div>\n<\/div><\/div><\/div><\/div><\/div>\n","protected":false},"excerpt":{"rendered":"<p>Hem T\u00fcrkiye\u2019 de hem de d\u00fcnyada sayg\u0131n bir yeri olan Dr. Hakan Do\u011fanay uluslararas\u0131 sa\u00e7 cerrahisi bir \u00e7ok kurulu\u015fun da \u00fcyesidir. AHD klini\u011fin kurucusu olan Dr. Do\u011fanay \u00e7al\u0131\u015fmalar\u0131na Antalya\u2019da kendi klini\u011finde devam etmektedir. Dr. Hakan Do\u011fanay\u2019\u0131n \u00d6zge\u00e7mi\u015fi Dr. Do\u011fanay 1969 y\u0131l\u0131nda \u0130stanbul\u2019da do\u011fmu\u015ftur. \u0130lkokul ortaokul ve lise e\u011fitimini Konya \u015fehrinde bitirmi\u015ftir. 1986 y\u0131l\u0131nda Konya Sel\u00e7uk [&hellip;]<\/p>\n","protected":false},"author":2,"featured_media":0,"parent":0,"menu_order":0,"comment_status":"closed","ping_status":"closed","template":"","meta":{"_eb_attr":"","_eb_data_table":"","footnotes":""},"class_list":["post-1819","page","type-page","status-publish","hentry"],"_links":{"self":[{"href":"https:\/\/www.ahdclinic.com\/tr\/wp-json\/wp\/v2\/pages\/1819","targetHints":{"allow":["GET"]}}],"collection":[{"href":"https:\/\/www.ahdclinic.com\/tr\/wp-json\/wp\/v2\/pages"}],"about":[{"href":"https:\/\/www.ahdclinic.com\/tr\/wp-json\/wp\/v2\/types\/page"}],"author":[{"embeddable":true,"href":"https:\/\/www.ahdclinic.com\/tr\/wp-json\/wp\/v2\/users\/2"}],"replies":[{"embeddable":true,"href":"https:\/\/www.ahdclinic.com\/tr\/wp-json\/wp\/v2\/comments?post=1819"}],"version-history":[{"count":2,"href":"https:\/\/www.ahdclinic.com\/tr\/wp-json\/wp\/v2\/pages\/1819\/revisions"}],"predecessor-version":[{"id":21346,"href":"https:\/\/www.ahdclinic.com\/tr\/wp-json\/wp\/v2\/pages\/1819\/revisions\/21346"}],"wp:attachment":[{"href":"https:\/\/www.ahdclinic.com\/tr\/wp-json\/wp\/v2\/media?parent=1819"}],"curies":[{"name":"wp","href":"https:\/\/api.w.org\/{rel}","templated":true}]}}