{"id":21320,"date":"2025-04-06T17:07:02","date_gmt":"2025-04-06T14:07:02","guid":{"rendered":"https:\/\/www.ahdclinic.com\/?page_id=21320"},"modified":"2025-10-16T00:33:19","modified_gmt":"2025-10-15T21:33:19","slug":"dr-hakan-doganay","status":"publish","type":"page","link":"https:\/\/www.ahdclinic.com\/pt\/dr-hakan-doganay\/","title":{"rendered":"Dr. Hakan Do\u011fanay"},"content":{"rendered":"\n<p>O Dr. Hakan Do\u011fanay, que tem uma posi\u00e7\u00e3o respeitada tanto na Turquia quanto no mundo, tamb\u00e9m \u00e9 membro de diversas organiza\u00e7\u00f5es internacionais de cirurgia capilar. Fundador da cl\u00ednica AHD, o Dr. Do\u011fanay continua seus trabalhos em sua pr\u00f3pria cl\u00ednica em Antalya.<\/p>\n\n\n\n<div id=\"ez-toc-container\" class=\"ez-toc-v2_0_82_1 counter-hierarchy ez-toc-counter ez-toc-grey ez-toc-container-direction\">\n<div class=\"ez-toc-title-container\">\n<p class=\"ez-toc-title\" style=\"cursor:inherit\">Table of Contents<\/p>\n<span class=\"ez-toc-title-toggle\"><a href=\"#\" class=\"ez-toc-pull-right ez-toc-btn ez-toc-btn-xs ez-toc-btn-default ez-toc-toggle\" aria-label=\"Toggle Table of Content\"><span class=\"ez-toc-js-icon-con\"><span class=\"\"><span class=\"eztoc-hide\" style=\"display:none;\">Toggle<\/span><span class=\"ez-toc-icon-toggle-span\"><svg style=\"fill: #999;color:#999\" xmlns=\"http:\/\/www.w3.org\/2000\/svg\" class=\"list-377408\" width=\"20px\" height=\"20px\" viewBox=\"0 0 24 24\" fill=\"none\"><path d=\"M6 6H4v2h2V6zm14 0H8v2h12V6zM4 11h2v2H4v-2zm16 0H8v2h12v-2zM4 16h2v2H4v-2zm16 0H8v2h12v-2z\" fill=\"currentColor\"><\/path><\/svg><svg style=\"fill: #999;color:#999\" class=\"arrow-unsorted-368013\" xmlns=\"http:\/\/www.w3.org\/2000\/svg\" width=\"10px\" height=\"10px\" viewBox=\"0 0 24 24\" version=\"1.2\" baseProfile=\"tiny\"><path d=\"M18.2 9.3l-6.2-6.3-6.2 6.3c-.2.2-.3.4-.3.7s.1.5.3.7c.2.2.4.3.7.3h11c.3 0 .5-.1.7-.3.2-.2.3-.5.3-.7s-.1-.5-.3-.7zM5.8 14.7l6.2 6.3 6.2-6.3c.2-.2.3-.5.3-.7s-.1-.5-.3-.7c-.2-.2-.4-.3-.7-.3h-11c-.3 0-.5.1-.7.3-.2.2-.3.5-.3.7s.1.5.3.7z\"\/><\/svg><\/span><\/span><\/span><\/a><\/span><\/div>\n<nav><ul class='ez-toc-list ez-toc-list-level-1 eztoc-toggle-hide-by-default' ><li class='ez-toc-page-1 ez-toc-heading-level-2'><a class=\"ez-toc-link ez-toc-heading-1\" href=\"https:\/\/www.ahdclinic.com\/pt\/dr-hakan-doganay\/#Curriculo_do_Dr_Hakan_Doganay\" >Curr\u00edculo do Dr. Hakan Do\u011fanay<\/a><\/li><li class='ez-toc-page-1 ez-toc-heading-level-2'><a class=\"ez-toc-link ez-toc-heading-2\" href=\"https:\/\/www.ahdclinic.com\/pt\/dr-hakan-doganay\/#Historico_de_Transplante_Capilar_do_Dr_Doganay\" >Hist\u00f3rico de Transplante Capilar do Dr. Do\u011fanay<\/a><\/li><\/ul><\/nav><\/div>\n<h2 class=\"wp-block-heading\"><span class=\"ez-toc-section\" id=\"Curriculo_do_Dr_Hakan_Doganay\"><\/span>Curr\u00edculo do Dr. Hakan Do\u011fanay<span class=\"ez-toc-section-end\"><\/span><\/h2>\n\n\n\n<p>O Dr. Do\u011fanay nasceu em 1969, em Istambul. Ele completou o ensino fundamental e o m\u00e9dio na cidade de Konya. Em 1986, deu in\u00edcio \u00e0 sua carreira em medicina na Faculdade de Medicina da Universidade Sel\u00e7uk de Konya, formando-se m\u00e9dico em 1993.<\/p>\n\n\n\n<ul class=\"wp-block-list\">\n<li>Entre 1993 e 2009, exerceu a medicina em diversas regi\u00f5es da Turquia.<\/li>\n\n\n\n<li>De 1993 a 1995, cumpriu o servi\u00e7o obrigat\u00f3rio na prov\u00edncia de Ni\u011fde.<\/li>\n\n\n\n<li>Entre 1996 e 2000, trabalhou como m\u00e9dico de fam\u00edlia no posto de sa\u00fade do distrito de G\u00fcndo\u011fmu\u015f, na prov\u00edncia de Ant\u00e1lia.<\/li>\n\n\n\n<li>De 2000 a 2004, atuou como M\u00e9dico-Chefe Regional de Ant\u00e1lia na Diretoria-Geral de Sa\u00fade de Fronteiras e Costeira do Minist\u00e9rio da Sa\u00fade.<\/li>\n\n\n\n<li>Por fim, entre 2004 e 2009, continuou seus servi\u00e7os m\u00e9dicos atuando como m\u00e9dico plantonista no Pronto-Socorro do Hospital P\u00fablico de Serik, em Ant\u00e1lia.<\/li>\n<\/ul>\n\n\n\n<p>O Dr. Hakan Do\u011fanay \u00e9 casado e \u00e9 pai de um menino.<\/p>\n\n\n\n<h2 class=\"wp-block-heading\"><span class=\"ez-toc-section\" id=\"Historico_de_Transplante_Capilar_do_Dr_Doganay\"><\/span>Hist\u00f3rico de Transplante Capilar do Dr. Do\u011fanay<span class=\"ez-toc-section-end\"><\/span><\/h2>\n\n\n\n<p>O Dr. Hakan Do\u011fanay fundou o AHD Centro de Transplante Capilar em 2003. Em 2004, participou de cursos abertos pelo Minist\u00e9rio da Sa\u00fade, conquistou o direito de obter o Certificado de Medicina Est\u00e9tica e acelerou as cirurgias de transplante capilar. Para poder dedicar mais tempo ao transplante capilar, ele deixou o quadro de funcion\u00e1rios p\u00fablicos em 2009 e continua a realizar opera\u00e7\u00f5es de transplante capilar em tempo integral at\u00e9 hoje.<\/p>\n\n\n\n<p>O Dr. Hakan Do\u011fanay deu seus primeiros passos no transplante capilar em 2003, com o m\u00e9todo FUT. A partir de 2005, iniciou os transplantes capilares com o m\u00e9todo FUE, uma t\u00e9cnica mais moderna.<\/p>\n\n\n\n<p>O Dr. Do\u011fanay come\u00e7ou a aplicar a t\u00e9cnica de implante capilar DHI a partir de 2010, quando essa t\u00e9cnica sequer era conhecida no mercado turco. Ou seja, o Dr. Hakan Do\u011fanay \u00e9 o pioneiro da t\u00e9cnica DHI, tamb\u00e9m conhecida como t\u00e9cnica de implante com caneta (implanter pen), na Turquia. Se voc\u00ea digitar &#8220;dhi sa\u00e7 ekimi before:2011&#8221; na busca do YouTube, ver\u00e1 que, naquela \u00e9poca, s\u00f3 existem v\u00eddeos do Dr. Do\u011fanay, mostrando o implante com a caneta. Se voc\u00ea verificar as datas de publica\u00e7\u00e3o dos v\u00eddeos no YouTube, notar\u00e1 que os v\u00eddeos de outras cl\u00ednicas usando a t\u00e9cnica DHI s\u00f3 come\u00e7am a aparecer a partir de 2017.<\/p>\n\n\n\n<p>O Dr. Do\u011fanay atualmente aplica o implante de enxertos na \u00e1rea receptora durante as opera\u00e7\u00f5es de transplante capilar apenas com a t\u00e9cnica DHI. Porque ele constatou que, com essa t\u00e9cnica, a taxa de satisfa\u00e7\u00e3o das pessoas que fazem o transplante \u00e9 mais alta.<\/p>\n\n\n\n<p>Os procedimentos realizados na cl\u00ednica AHD;<\/p>\n\n\n\n<ul class=\"wp-block-list\">\n<li>H\u00e1 anos s\u00e3o realizados procedimentos de transplante capilar em homens e mulheres, com cabelo raspado e sem raspar,<\/li>\n\n\n\n<li>Transplante de barba e bigode<\/li>\n\n\n\n<li>Transplante de cabelo utilizando pelos do corpo, como barba e peito<\/li>\n\n\n\n<li>Transplante de sobrancelhas<\/li>\n\n\n\n<li>Corre\u00e7\u00e3o de transplantes capilares mal sucedidos e com problemas realizados em outras cl\u00ednicas.<\/li>\n<\/ul>\n\n\n\n<p>Al\u00e9m disso, juntamente com alguns colegas m\u00e9dicos que se dedicam ao transplante capilar na Turquia, ele \u00e9 um dos membros fundadores da Associa\u00e7\u00e3o Turca de M\u00e9dicos de Transplante Capilar. O objetivo desta associa\u00e7\u00e3o \u00e9 posicionar os transplantes capilares realizados na Turquia no lugar de prest\u00edgio que merecem em todo o mundo e mostrar as verdades como elas s\u00e3o para as pessoas que desejam fazer o transplante capilar.<\/p>\n\n\n\n<h3 class=\"wp-block-heading\">Associa\u00e7\u00f5es Internacionais<\/h3>\n\n\n\n<p>O Dr. Hakan Do\u011fanay est\u00e1 entre os m\u00e9dicos recomendados por v\u00e1rias associa\u00e7\u00f5es internacionais de transplante capilar e f\u00f3runs online. Por esse motivo, recebemos candidaturas de todo o mundo para transplante capilar em nossa cl\u00ednica. Seguem os links de algumas dessas entidades.<\/p>\n\n\n\n<div class=\"wp-block-essential-blocks-row alignfull  root-eb-row-wtah7\"><div class=\"eb-parent-wrapper eb-parent-eb-row-wtah7 \"><div class=\"eb-row-root-container eb-row-wtah7\" data-id=\"eb-row-wtah7\"><div class=\"eb-row-wrapper\"><div class=\"eb-row-inner\">\n<div class=\"wp-block-essential-blocks-column  root-eb-column-6kjip\"><div class=\"eb-parent-wrapper eb-parent-eb-column-6kjip \"><div class=\"eb-column-wrapper eb-column-6kjip\"><div class=\"eb-column-inner\">\n<div class=\"wp-block-essential-blocks-advanced-image  root-eb-advanced-image-bflx7\"><div class=\"eb-parent-wrapper eb-parent-eb-advanced-image-bflx7 \"><figure class=\"eb-advanced-image-wrapper eb-advanced-image-bflx7 no-effect\" data-id=\"eb-advanced-image-bflx7\"><div class=\"eb-image-wrapper\"><div class=\"eb-image-wrapper-inner eb-img-style-rounded\"><img decoding=\"async\" src=\"https:\/\/www.ahdclinic.com\/wp-content\/uploads\/2025\/10\/ahla-american-hair-loss-.webp\" alt=\"\"\/><\/div><a class=\"eb-image-link\" href=\"https:\/\/www.americanhairloss.org\/hair-transplant-surgeons\/hakan-doganay\/\" target=\"_blank\" rel=\"noopener\"><\/a><\/div><\/figure><\/div><\/div>\n<\/div><\/div><\/div><\/div>\n\n\n\n<div class=\"wp-block-essential-blocks-column  root-eb-column-mkw7j\"><div class=\"eb-parent-wrapper eb-parent-eb-column-mkw7j \"><div class=\"eb-column-wrapper eb-column-mkw7j\"><div class=\"eb-column-inner\">\n<div class=\"wp-block-essential-blocks-advanced-image  root-eb-advanced-image-6mr87\"><div class=\"eb-parent-wrapper eb-parent-eb-advanced-image-6mr87 \"><figure class=\"eb-advanced-image-wrapper eb-advanced-image-6mr87 no-effect\" data-id=\"eb-advanced-image-6mr87\"><div class=\"eb-image-wrapper\"><div class=\"eb-image-wrapper-inner eb-img-style-rounded\"><img decoding=\"async\" src=\"https:\/\/www.ahdclinic.com\/wp-content\/uploads\/2025\/03\/iahrs.jpeg\" alt=\"\"\/><\/div><a class=\"eb-image-link\" href=\"https:\/\/www.iahrs.org\/hair-transplant\/hakan-doganay\" target=\"_blank\" rel=\"noopener\"><\/a><\/div><\/figure><\/div><\/div>\n<\/div><\/div><\/div><\/div>\n\n\n\n<div class=\"wp-block-essential-blocks-column  root-eb-column-nvpgw\"><div class=\"eb-parent-wrapper eb-parent-eb-column-nvpgw \"><div class=\"eb-column-wrapper eb-column-nvpgw\"><div class=\"eb-column-inner\">\n<div class=\"wp-block-essential-blocks-advanced-image  root-eb-advanced-image-xke6j\"><div class=\"eb-parent-wrapper eb-parent-eb-advanced-image-xke6j \"><figure class=\"eb-advanced-image-wrapper eb-advanced-image-xke6j no-effect\" data-id=\"eb-advanced-image-xke6j\"><div class=\"eb-image-wrapper\"><div class=\"eb-image-wrapper-inner eb-img-style-rounded\"><img decoding=\"async\" src=\"https:\/\/www.ahdclinic.com\/wp-content\/uploads\/2025\/03\/hairsite.gif\" alt=\"hairsite\"\/><\/div><a class=\"eb-image-link\" href=\"https:\/\/hairsite.com\/doctor\/antalya-turkey\/ahd-hair-transplant-reviews-antalya-turkey\/\" target=\"_blank\" rel=\"noopener\"><\/a><\/div><\/figure><\/div><\/div>\n<\/div><\/div><\/div><\/div>\n\n\n\n<div class=\"wp-block-essential-blocks-column  root-eb-column-g8tzd\"><div class=\"eb-parent-wrapper eb-parent-eb-column-g8tzd \"><div class=\"eb-column-wrapper eb-column-g8tzd\"><div class=\"eb-column-inner\">\n<div class=\"wp-block-essential-blocks-advanced-image  root-eb-advanced-image-8vxuw\"><div class=\"eb-parent-wrapper eb-parent-eb-advanced-image-8vxuw \"><figure class=\"eb-advanced-image-wrapper eb-advanced-image-8vxuw no-effect\" data-id=\"eb-advanced-image-8vxuw\"><div class=\"eb-image-wrapper\"><div class=\"eb-image-wrapper-inner eb-img-style-rounded\"><img decoding=\"async\" src=\"https:\/\/www.ahdclinic.com\/wp-content\/uploads\/2025\/02\/hairloss.webp\" alt=\"\"\/><\/div><a class=\"eb-image-link\" href=\"https:\/\/www.hairlossexperiences.com\/forums\/dr-hakan-doganay.36\/\" target=\"_blank\" rel=\"noopener\"><\/a><\/div><\/figure><\/div><\/div>\n<\/div><\/div><\/div><\/div>\n\n\n\n<div class=\"wp-block-essential-blocks-column  root-eb-column-n1ie0\"><div class=\"eb-parent-wrapper eb-parent-eb-column-n1ie0 \"><div class=\"eb-column-wrapper eb-column-n1ie0\"><div class=\"eb-column-inner\">\n<div class=\"wp-block-essential-blocks-advanced-image  root-eb-advanced-image-kzzdw\"><div class=\"eb-parent-wrapper eb-parent-eb-advanced-image-kzzdw \"><figure class=\"eb-advanced-image-wrapper eb-advanced-image-kzzdw no-effect\" data-id=\"eb-advanced-image-kzzdw\"><div class=\"eb-image-wrapper\"><div class=\"eb-image-wrapper-inner eb-img-style-rounded\"><img decoding=\"async\" src=\"https:\/\/www.ahdclinic.com\/wp-content\/uploads\/2025\/02\/international.webp\" alt=\"\"\/><\/div><a class=\"eb-image-link\" href=\"https:\/\/www.international-hairlossforum.com\/viewforum.php?f=90&amp;sid=d3be920c12e5bf7e7642dd88eb83c095\" target=\"_blank\" rel=\"noopener\"><\/a><\/div><\/figure><\/div><\/div>\n<\/div><\/div><\/div><\/div>\n\n\n\n<div class=\"wp-block-essential-blocks-column  root-eb-column-6pylo\"><div class=\"eb-parent-wrapper eb-parent-eb-column-6pylo \"><div class=\"eb-column-wrapper eb-column-6pylo\"><div class=\"eb-column-inner\">\n<div class=\"wp-block-essential-blocks-advanced-image  root-eb-advanced-image-gv3da\"><div class=\"eb-parent-wrapper eb-parent-eb-advanced-image-gv3da \"><figure class=\"eb-advanced-image-wrapper eb-advanced-image-gv3da no-effect\" data-id=\"eb-advanced-image-gv3da\"><div class=\"eb-image-wrapper\"><div class=\"eb-image-wrapper-inner eb-img-style-rounded\"><img decoding=\"async\" src=\"https:\/\/www.ahdclinic.com\/wp-content\/uploads\/2025\/10\/best-hair-transplnt-doctors-.webp\" alt=\"\"\/><\/div><a class=\"eb-image-link\" href=\"https:\/\/www.apetogentleman.com\/worlds-best-hair-transplant-doctors\/\" target=\"_blank\" rel=\"noopener\"><\/a><\/div><\/figure><\/div><\/div>\n<\/div><\/div><\/div><\/div>\n<\/div><\/div><\/div><\/div><\/div>\n","protected":false},"excerpt":{"rendered":"<p>O Dr. Hakan Do\u011fanay, que tem uma posi\u00e7\u00e3o respeitada tanto na Turquia quanto no mundo, tamb\u00e9m \u00e9 membro de diversas organiza\u00e7\u00f5es internacionais de cirurgia capilar. Fundador da cl\u00ednica AHD, o Dr. Do\u011fanay continua seus trabalhos em sua pr\u00f3pria cl\u00ednica em Antalya. Curr\u00edculo do Dr. Hakan Do\u011fanay O Dr. Do\u011fanay nasceu em 1969, em Istambul. Ele [&hellip;]<\/p>\n","protected":false},"author":2,"featured_media":0,"parent":0,"menu_order":0,"comment_status":"closed","ping_status":"closed","template":"","meta":{"_eb_attr":"","_eb_data_table":"","footnotes":""},"class_list":["post-21320","page","type-page","status-publish","hentry"],"_links":{"self":[{"href":"https:\/\/www.ahdclinic.com\/pt\/wp-json\/wp\/v2\/pages\/21320","targetHints":{"allow":["GET"]}}],"collection":[{"href":"https:\/\/www.ahdclinic.com\/pt\/wp-json\/wp\/v2\/pages"}],"about":[{"href":"https:\/\/www.ahdclinic.com\/pt\/wp-json\/wp\/v2\/types\/page"}],"author":[{"embeddable":true,"href":"https:\/\/www.ahdclinic.com\/pt\/wp-json\/wp\/v2\/users\/2"}],"replies":[{"embeddable":true,"href":"https:\/\/www.ahdclinic.com\/pt\/wp-json\/wp\/v2\/comments?post=21320"}],"version-history":[{"count":6,"href":"https:\/\/www.ahdclinic.com\/pt\/wp-json\/wp\/v2\/pages\/21320\/revisions"}],"predecessor-version":[{"id":21328,"href":"https:\/\/www.ahdclinic.com\/pt\/wp-json\/wp\/v2\/pages\/21320\/revisions\/21328"}],"wp:attachment":[{"href":"https:\/\/www.ahdclinic.com\/pt\/wp-json\/wp\/v2\/media?parent=21320"}],"curies":[{"name":"wp","href":"https:\/\/api.w.org\/{rel}","templated":true}]}}