{"id":21347,"date":"2025-04-06T17:07:02","date_gmt":"2025-04-06T14:07:02","guid":{"rendered":"https:\/\/www.ahdclinic.com\/?page_id=21347"},"modified":"2025-10-16T01:15:01","modified_gmt":"2025-10-15T22:15:01","slug":"dr-hakan-doganay","status":"publish","type":"page","link":"https:\/\/www.ahdclinic.com\/nl\/dr-hakan-doganay\/","title":{"rendered":"Dr. Hakan Do\u011fanay"},"content":{"rendered":"\n<p>Dr. Hakan Do\u011fanay, die zowel in Turkije als in de rest van de wereld een gerespecteerde reputatie heeft, is ook lid van verschillende internationale haarchirurgie-organisaties. Dr. Do\u011fanay, de oprichter van de AHD-kliniek, zet zijn werk voort in zijn eigen kliniek in Antalya.<\/p>\n\n\n\n<div id=\"ez-toc-container\" class=\"ez-toc-v2_0_82_1 counter-hierarchy ez-toc-counter ez-toc-grey ez-toc-container-direction\">\n<div class=\"ez-toc-title-container\">\n<p class=\"ez-toc-title\" style=\"cursor:inherit\">Table of Contents<\/p>\n<span class=\"ez-toc-title-toggle\"><a href=\"#\" class=\"ez-toc-pull-right ez-toc-btn ez-toc-btn-xs ez-toc-btn-default ez-toc-toggle\" aria-label=\"Toggle tabel met inhoud\"><span class=\"ez-toc-js-icon-con\"><span class=\"\"><span class=\"eztoc-hide\" style=\"display:none;\">Toggle<\/span><span class=\"ez-toc-icon-toggle-span\"><svg style=\"fill: #999;color:#999\" xmlns=\"http:\/\/www.w3.org\/2000\/svg\" class=\"list-377408\" width=\"20px\" height=\"20px\" viewBox=\"0 0 24 24\" fill=\"none\"><path d=\"M6 6H4v2h2V6zm14 0H8v2h12V6zM4 11h2v2H4v-2zm16 0H8v2h12v-2zM4 16h2v2H4v-2zm16 0H8v2h12v-2z\" fill=\"currentColor\"><\/path><\/svg><svg style=\"fill: #999;color:#999\" class=\"arrow-unsorted-368013\" xmlns=\"http:\/\/www.w3.org\/2000\/svg\" width=\"10px\" height=\"10px\" viewBox=\"0 0 24 24\" version=\"1.2\" baseProfile=\"tiny\"><path d=\"M18.2 9.3l-6.2-6.3-6.2 6.3c-.2.2-.3.4-.3.7s.1.5.3.7c.2.2.4.3.7.3h11c.3 0 .5-.1.7-.3.2-.2.3-.5.3-.7s-.1-.5-.3-.7zM5.8 14.7l6.2 6.3 6.2-6.3c.2-.2.3-.5.3-.7s-.1-.5-.3-.7c-.2-.2-.4-.3-.7-.3h-11c-.3 0-.5.1-.7.3-.2.2-.3.5-.3.7s.1.5.3.7z\"\/><\/svg><\/span><\/span><\/span><\/a><\/span><\/div>\n<nav><ul class='ez-toc-list ez-toc-list-level-1 eztoc-toggle-hide-by-default' ><li class='ez-toc-page-1 ez-toc-heading-level-2'><a class=\"ez-toc-link ez-toc-heading-1\" href=\"https:\/\/www.ahdclinic.com\/nl\/dr-hakan-doganay\/#Levensloop_van_Dr_Hakan_Doganay\" >Levensloop van Dr. Hakan Do\u011fanay<\/a><\/li><li class='ez-toc-page-1 ez-toc-heading-level-2'><a class=\"ez-toc-link ez-toc-heading-2\" href=\"https:\/\/www.ahdclinic.com\/nl\/dr-hakan-doganay\/#Dr_Doganays_Haartransplantatie_Ervaring\" >Dr. Do\u011fanay&#8217;s Haartransplantatie Ervaring<\/a><\/li><\/ul><\/nav><\/div>\n<h2 class=\"wp-block-heading\"><span class=\"ez-toc-section\" id=\"Levensloop_van_Dr_Hakan_Doganay\"><\/span>Levensloop van Dr. Hakan Do\u011fanay<span class=\"ez-toc-section-end\"><\/span><\/h2>\n\n\n\n<p>Dr. Do\u011fanay is in 1969 in Istanbul geboren. Hij heeft zijn basis- en middelbare schoolopleiding in de stad Konya afgerond. In 1986 zette hij zijn eerste stappen in de geneeskunde aan de Medische Faculteit van de Sel\u00e7uk Universiteit in Konya en in 1993 studeerde hij af als arts.<\/p>\n\n\n\n<ul class=\"wp-block-list\">\n<li>Tussen 1993 en 2009 heeft hij\/zij* zijn\/haar artsenpraktijk voortgezet in verschillende regio&#8217;s van Turkije.<\/li>\n\n\n\n<li>Tussen 1993 en 1995 voltooide hij\/zij zijn\/haar verplichte dienstplicht in de provincie Ni\u011fde.<\/li>\n\n\n\n<li>Tussen 1996 en 2000 werkte hij\/zij als huisarts in de gezondheidskliniek in het district G\u00fcndo\u011fmu\u015f, provincie Antalya.<\/li>\n\n\n\n<li>Van 2000 tot 2004 werkte hij\/zij als Regio Hoofdarts van Antalya bij de Algemene Directie Grens- en Kustgezondheid van het Ministerie van Volksgezondheid.<\/li>\n\n\n\n<li>Tussen 2004 en 2009 zette hij\/zij zijn\/haar artsendienst voort als spoedeisende hulp arts in het Antalya Serik Staatsziekenhuis..<\/li>\n<\/ul>\n\n\n\n<p>Dr. Hakan Do\u011fanay evli ve 1 erkek \u00e7ocu\u011fu babas\u0131d\u0131r.<\/p>\n\n\n\n<h2 class=\"wp-block-heading\"><span class=\"ez-toc-section\" id=\"Dr_Doganays_Haartransplantatie_Ervaring\"><\/span>Dr. Do\u011fanay&#8217;s Haartransplantatie Ervaring<span class=\"ez-toc-section-end\"><\/span><\/h2>\n\n\n\n<p>Dr. Hakan Do\u011fanay heeft in 2003 het AHD Haartransplantatie Centrum opgericht. In 2004 nam hij deel aan cursussen die door het Ministerie van Volksgezondheid werden georganiseerd, behaalde zijn certificaat voor Medische Esthetische Geneeskunde en gaf hij een versnelling aan haartransplantatieoperaties. Om meer tijd te kunnen besteden aan haartransplantaties, verliet hij in 2009 zijn functie in de overheidsdienst en blijft hij tot op de dag van vandaag fulltime haartransplantatieoperaties uitvoeren.<\/p>\n\n\n\n<p>Dr. Hakan Do\u011fanay zette in 2003 zijn eerste stap in haartransplantatie met de FUT-methode. Sinds 2005 is hij haartransplantaties gaan uitvoeren met de FUE-methode, een modernere techniek.<\/p>\n\n\n\n<p>Dr. Do\u011fanay is in 2010 begonnen met het toepassen van de dhi-haartransplantatietechniek, een techniek die in die jaren in Turkije zelfs nog onbekend was. Kortom, Dr. Hakan Do\u011fanay is de pionier van de dhi-haartransplantatie, ook wel bekend als de implanter pen-techniek, in Turkije. Als je in het zoekgedeelte van YouTube &#8220;dhi sa\u00e7 ekimi before:2011&#8221; intoetst, zul je zien dat er in die jaren alleen video&#8217;s van Dr. Do\u011fanay waren over haartransplantaties met de pen-methode. Als je naar de publicatiedata van de YouTube-video&#8217;s kijkt, zul je zien dat je video&#8217;s over dhi van andere klinieken pas na 2017 kunt vinden.<\/p>\n\n\n\n<p>Dr. Do\u011fanay past in haar haartransplantatieoperaties uitsluitend de DHI-techniek toe voor het plaatsen van grafts in het ontvangstgebied. Ze heeft namelijk vastgesteld dat mensen bij wie haartransplantatie met deze techniek wordt uitgevoerd, een hoger tevredenheidsniveau hebben.<\/p>\n\n\n\n<p>Handelingen uitgevoerd in de AHD-kliniek:<\/p>\n\n\n\n<ul class=\"wp-block-list\">\n<li>Haartransplantatie bij vrouwen en mannen, zowel geschoren als ongeschoren<\/li>\n\n\n\n<li>Baard- en snor transplantatie<\/li>\n\n\n\n<li>Haartransplantatie met lichaamshaar, zoals baard- en borsthaar<\/li>\n\n\n\n<li>Wenkbrauw transplantatie<\/li>\n\n\n\n<li>Correctie van foutieve en mislukte haartransplantaties die in andere klinieken zijn uitgevoerd, worden al jarenlang succesvol toegepast.<\/li>\n<\/ul>\n\n\n\n<p>Tevens is hij, samen met een aantal collega-artsen die in Turkije hun hart hebben verpand aan haartransplantaties, een van de oprichtende leden van de Turkse Vereniging van Haartransplantatieartsen. Het doel van deze vereniging is om haartransplantaties in Turkije de gepaste, respectabele positie te geven die ze wereldwijd verdienen, en om mensen die een haartransplantatie overwegen de feiten onverbloemd te tonen.<\/p>\n\n\n\n<h3 class=\"wp-block-heading\">Internationale Lidmaatschappen<\/h3>\n\n\n\n<p>Dr. Hakan Do\u011fanay staat op de lijst van aanbevolen artsen van vele internationale haartransplantatieverenigingen en forumwebsites. Hierdoor ontvangen wij aanvragen voor haartransplantaties uit alle hoeken van de wereld. Hieronder vindt u links naar enkele van deze organisaties.<\/p>\n\n\n\n<div class=\"wp-block-essential-blocks-row alignfull  root-eb-row-wtah7\"><div class=\"eb-parent-wrapper eb-parent-eb-row-wtah7 \"><div class=\"eb-row-root-container eb-row-wtah7\" data-id=\"eb-row-wtah7\"><div class=\"eb-row-wrapper\"><div class=\"eb-row-inner\">\n<div class=\"wp-block-essential-blocks-column  root-eb-column-6kjip\"><div class=\"eb-parent-wrapper eb-parent-eb-column-6kjip \"><div class=\"eb-column-wrapper eb-column-6kjip\"><div class=\"eb-column-inner\">\n<div class=\"wp-block-essential-blocks-advanced-image  root-eb-advanced-image-bflx7\"><div class=\"eb-parent-wrapper eb-parent-eb-advanced-image-bflx7 \"><figure class=\"eb-advanced-image-wrapper eb-advanced-image-bflx7 no-effect\" data-id=\"eb-advanced-image-bflx7\"><div class=\"eb-image-wrapper\"><div class=\"eb-image-wrapper-inner eb-img-style-rounded\"><img decoding=\"async\" src=\"https:\/\/www.ahdclinic.com\/wp-content\/uploads\/2025\/10\/ahla-american-hair-loss-.webp\" alt=\"\"\/><\/div><a class=\"eb-image-link\" href=\"https:\/\/www.americanhairloss.org\/hair-transplant-surgeons\/hakan-doganay\/\" target=\"_blank\" rel=\"noopener\"><\/a><\/div><\/figure><\/div><\/div>\n<\/div><\/div><\/div><\/div>\n\n\n\n<div class=\"wp-block-essential-blocks-column  root-eb-column-mkw7j\"><div class=\"eb-parent-wrapper eb-parent-eb-column-mkw7j \"><div class=\"eb-column-wrapper eb-column-mkw7j\"><div class=\"eb-column-inner\">\n<div class=\"wp-block-essential-blocks-advanced-image  root-eb-advanced-image-6mr87\"><div class=\"eb-parent-wrapper eb-parent-eb-advanced-image-6mr87 \"><figure class=\"eb-advanced-image-wrapper eb-advanced-image-6mr87 no-effect\" data-id=\"eb-advanced-image-6mr87\"><div class=\"eb-image-wrapper\"><div class=\"eb-image-wrapper-inner eb-img-style-rounded\"><img decoding=\"async\" src=\"https:\/\/www.ahdclinic.com\/wp-content\/uploads\/2025\/03\/iahrs.jpeg\" alt=\"\"\/><\/div><a class=\"eb-image-link\" href=\"https:\/\/www.iahrs.org\/hair-transplant\/hakan-doganay\" target=\"_blank\" rel=\"noopener\"><\/a><\/div><\/figure><\/div><\/div>\n<\/div><\/div><\/div><\/div>\n\n\n\n<div class=\"wp-block-essential-blocks-column  root-eb-column-nvpgw\"><div class=\"eb-parent-wrapper eb-parent-eb-column-nvpgw \"><div class=\"eb-column-wrapper eb-column-nvpgw\"><div class=\"eb-column-inner\">\n<div class=\"wp-block-essential-blocks-advanced-image  root-eb-advanced-image-xke6j\"><div class=\"eb-parent-wrapper eb-parent-eb-advanced-image-xke6j \"><figure class=\"eb-advanced-image-wrapper eb-advanced-image-xke6j no-effect\" data-id=\"eb-advanced-image-xke6j\"><div class=\"eb-image-wrapper\"><div class=\"eb-image-wrapper-inner eb-img-style-rounded\"><img decoding=\"async\" src=\"https:\/\/www.ahdclinic.com\/wp-content\/uploads\/2025\/03\/hairsite.gif\" alt=\"hairsite\"\/><\/div><a class=\"eb-image-link\" href=\"https:\/\/hairsite.com\/doctor\/antalya-turkey\/ahd-hair-transplant-reviews-antalya-turkey\/\" target=\"_blank\" rel=\"noopener\"><\/a><\/div><\/figure><\/div><\/div>\n<\/div><\/div><\/div><\/div>\n\n\n\n<div class=\"wp-block-essential-blocks-column  root-eb-column-g8tzd\"><div class=\"eb-parent-wrapper eb-parent-eb-column-g8tzd \"><div class=\"eb-column-wrapper eb-column-g8tzd\"><div class=\"eb-column-inner\">\n<div class=\"wp-block-essential-blocks-advanced-image  root-eb-advanced-image-8vxuw\"><div class=\"eb-parent-wrapper eb-parent-eb-advanced-image-8vxuw \"><figure class=\"eb-advanced-image-wrapper eb-advanced-image-8vxuw no-effect\" data-id=\"eb-advanced-image-8vxuw\"><div class=\"eb-image-wrapper\"><div class=\"eb-image-wrapper-inner eb-img-style-rounded\"><img decoding=\"async\" src=\"https:\/\/www.ahdclinic.com\/wp-content\/uploads\/2025\/02\/hairloss.webp\" alt=\"\"\/><\/div><a class=\"eb-image-link\" href=\"https:\/\/www.hairlossexperiences.com\/forums\/dr-hakan-doganay.36\/\" target=\"_blank\" rel=\"noopener\"><\/a><\/div><\/figure><\/div><\/div>\n<\/div><\/div><\/div><\/div>\n\n\n\n<div class=\"wp-block-essential-blocks-column  root-eb-column-n1ie0\"><div class=\"eb-parent-wrapper eb-parent-eb-column-n1ie0 \"><div class=\"eb-column-wrapper eb-column-n1ie0\"><div class=\"eb-column-inner\">\n<div class=\"wp-block-essential-blocks-advanced-image  root-eb-advanced-image-kzzdw\"><div class=\"eb-parent-wrapper eb-parent-eb-advanced-image-kzzdw \"><figure class=\"eb-advanced-image-wrapper eb-advanced-image-kzzdw no-effect\" data-id=\"eb-advanced-image-kzzdw\"><div class=\"eb-image-wrapper\"><div class=\"eb-image-wrapper-inner eb-img-style-rounded\"><img decoding=\"async\" src=\"https:\/\/www.ahdclinic.com\/wp-content\/uploads\/2025\/02\/international.webp\" alt=\"\"\/><\/div><a class=\"eb-image-link\" href=\"https:\/\/www.international-hairlossforum.com\/viewforum.php?f=90&amp;sid=d3be920c12e5bf7e7642dd88eb83c095\" target=\"_blank\" rel=\"noopener\"><\/a><\/div><\/figure><\/div><\/div>\n<\/div><\/div><\/div><\/div>\n\n\n\n<div class=\"wp-block-essential-blocks-column  root-eb-column-6pylo\"><div class=\"eb-parent-wrapper eb-parent-eb-column-6pylo \"><div class=\"eb-column-wrapper eb-column-6pylo\"><div class=\"eb-column-inner\">\n<div class=\"wp-block-essential-blocks-advanced-image  root-eb-advanced-image-gv3da\"><div class=\"eb-parent-wrapper eb-parent-eb-advanced-image-gv3da \"><figure class=\"eb-advanced-image-wrapper eb-advanced-image-gv3da no-effect\" data-id=\"eb-advanced-image-gv3da\"><div class=\"eb-image-wrapper\"><div class=\"eb-image-wrapper-inner eb-img-style-rounded\"><img decoding=\"async\" src=\"https:\/\/www.ahdclinic.com\/wp-content\/uploads\/2025\/10\/best-hair-transplnt-doctors-.webp\" alt=\"\"\/><\/div><a class=\"eb-image-link\" href=\"https:\/\/www.apetogentleman.com\/worlds-best-hair-transplant-doctors\/\" target=\"_blank\" rel=\"noopener\"><\/a><\/div><\/figure><\/div><\/div>\n<\/div><\/div><\/div><\/div>\n<\/div><\/div><\/div><\/div><\/div>\n","protected":false},"excerpt":{"rendered":"<p>Dr. Hakan Do\u011fanay, die zowel in Turkije als in de rest van de wereld een gerespecteerde reputatie heeft, is ook lid van verschillende internationale haarchirurgie-organisaties. Dr. Do\u011fanay, de oprichter van de AHD-kliniek, zet zijn werk voort in zijn eigen kliniek in Antalya. Levensloop van Dr. Hakan Do\u011fanay Dr. Do\u011fanay is in 1969 in Istanbul geboren. [&hellip;]<\/p>\n","protected":false},"author":2,"featured_media":0,"parent":0,"menu_order":0,"comment_status":"closed","ping_status":"closed","template":"","meta":{"_eb_attr":"","_eb_data_table":"","footnotes":""},"class_list":["post-21347","page","type-page","status-publish","hentry"],"_links":{"self":[{"href":"https:\/\/www.ahdclinic.com\/nl\/wp-json\/wp\/v2\/pages\/21347","targetHints":{"allow":["GET"]}}],"collection":[{"href":"https:\/\/www.ahdclinic.com\/nl\/wp-json\/wp\/v2\/pages"}],"about":[{"href":"https:\/\/www.ahdclinic.com\/nl\/wp-json\/wp\/v2\/types\/page"}],"author":[{"embeddable":true,"href":"https:\/\/www.ahdclinic.com\/nl\/wp-json\/wp\/v2\/users\/2"}],"replies":[{"embeddable":true,"href":"https:\/\/www.ahdclinic.com\/nl\/wp-json\/wp\/v2\/comments?post=21347"}],"version-history":[{"count":3,"href":"https:\/\/www.ahdclinic.com\/nl\/wp-json\/wp\/v2\/pages\/21347\/revisions"}],"predecessor-version":[{"id":21351,"href":"https:\/\/www.ahdclinic.com\/nl\/wp-json\/wp\/v2\/pages\/21347\/revisions\/21351"}],"wp:attachment":[{"href":"https:\/\/www.ahdclinic.com\/nl\/wp-json\/wp\/v2\/media?parent=21347"}],"curies":[{"name":"wp","href":"https:\/\/api.w.org\/{rel}","templated":true}]}}