{"id":21334,"date":"2025-04-06T17:07:02","date_gmt":"2025-04-06T14:07:02","guid":{"rendered":"https:\/\/www.ahdclinic.com\/?page_id=21334"},"modified":"2025-10-16T00:47:42","modified_gmt":"2025-10-15T21:47:42","slug":"dr-hakan-doganay","status":"publish","type":"page","link":"https:\/\/www.ahdclinic.com\/it\/dr-hakan-doganay\/","title":{"rendered":"Dr. Hakan Do\u011fanay"},"content":{"rendered":"\n<p>Il Dottor Hakan Do\u011fanay, che gode di grande prestigio sia in Turchia che a livello internazionale, \u00e8 membro di numerose organizzazioni dedicate alla chirurgia capillare. Fondatore della clinica AHD, il Dottor Do\u011fanay continua la sua attivit\u00e0 professionale nella sua clinica ad Antalya.<\/p>\n\n\n\n<div id=\"ez-toc-container\" class=\"ez-toc-v2_0_82_1 counter-hierarchy ez-toc-counter ez-toc-grey ez-toc-container-direction\">\n<div class=\"ez-toc-title-container\">\n<p class=\"ez-toc-title\" style=\"cursor:inherit\">Table of Contents<\/p>\n<span class=\"ez-toc-title-toggle\"><a href=\"#\" class=\"ez-toc-pull-right ez-toc-btn ez-toc-btn-xs ez-toc-btn-default ez-toc-toggle\" aria-label=\"Toggle Table of Content\"><span class=\"ez-toc-js-icon-con\"><span class=\"\"><span class=\"eztoc-hide\" style=\"display:none;\">Toggle<\/span><span class=\"ez-toc-icon-toggle-span\"><svg style=\"fill: #999;color:#999\" xmlns=\"http:\/\/www.w3.org\/2000\/svg\" class=\"list-377408\" width=\"20px\" height=\"20px\" viewBox=\"0 0 24 24\" fill=\"none\"><path d=\"M6 6H4v2h2V6zm14 0H8v2h12V6zM4 11h2v2H4v-2zm16 0H8v2h12v-2zM4 16h2v2H4v-2zm16 0H8v2h12v-2z\" fill=\"currentColor\"><\/path><\/svg><svg style=\"fill: #999;color:#999\" class=\"arrow-unsorted-368013\" xmlns=\"http:\/\/www.w3.org\/2000\/svg\" width=\"10px\" height=\"10px\" viewBox=\"0 0 24 24\" version=\"1.2\" baseProfile=\"tiny\"><path d=\"M18.2 9.3l-6.2-6.3-6.2 6.3c-.2.2-.3.4-.3.7s.1.5.3.7c.2.2.4.3.7.3h11c.3 0 .5-.1.7-.3.2-.2.3-.5.3-.7s-.1-.5-.3-.7zM5.8 14.7l6.2 6.3 6.2-6.3c.2-.2.3-.5.3-.7s-.1-.5-.3-.7c-.2-.2-.4-.3-.7-.3h-11c-.3 0-.5.1-.7.3-.2.2-.3.5-.3.7s.1.5.3.7z\"\/><\/svg><\/span><\/span><\/span><\/a><\/span><\/div>\n<nav><ul class='ez-toc-list ez-toc-list-level-1 eztoc-toggle-hide-by-default' ><li class='ez-toc-page-1 ez-toc-heading-level-2'><a class=\"ez-toc-link ez-toc-heading-1\" href=\"https:\/\/www.ahdclinic.com\/it\/dr-hakan-doganay\/#Curriculum_Vitae_del_Dott_Hakan_Doganay\" >Curriculum Vitae del Dott. Hakan Do\u011fanay<\/a><\/li><li class='ez-toc-page-1 ez-toc-heading-level-2'><a class=\"ez-toc-link ez-toc-heading-2\" href=\"https:\/\/www.ahdclinic.com\/it\/dr-hakan-doganay\/#LEsperienza_del_Dottor_Doganay_nel_Trapianto_di_Capelli\" >L&#8217;Esperienza del Dottor Do\u011fanay nel Trapianto di Capelli<\/a><\/li><\/ul><\/nav><\/div>\n<h2 class=\"wp-block-heading\"><span class=\"ez-toc-section\" id=\"Curriculum_Vitae_del_Dott_Hakan_Doganay\"><\/span>Curriculum Vitae del Dott. Hakan Do\u011fanay<span class=\"ez-toc-section-end\"><\/span><\/h2>\n\n\n\n<p>Il Dottor Do\u011fanay \u00e8 nato nel 1969 a Istanbul. Ha completato la sua istruzione primaria, secondaria e liceale nella citt\u00e0 di Kya. Nel 1986 ha mosso i primi passi verso la medicina presso la Facolt\u00e0 di Medicina dell&#8217;Universit\u00e0 Sel\u00e7uk di Konya, e si \u00e8 laureato in Medicina nel 1993.<\/p>\n\n\n\n<ul class=\"wp-block-list\">\n<li>Tra il 1993 e il 2009 ha svolto la professione medica in varie regioni della Turchia.<\/li>\n\n\n\n<li>Tra il 1993 e il 1995 ha completato il servizio obbligatorio nella provincia di Ni\u011fde.<\/li>\n\n\n\n<li>Tra il 1996 e il 2000 ha lavorato come medico di medicina generale nel distretto di G\u00fcndo\u011fmu\u015f, provincia di Antalya.<\/li>\n\n\n\n<li>Dal 2000 al 2004 ha lavorato come Primario Regionale di Antalya per la Direzione Generale della Sanit\u00e0 delle Frontiere e delle Coste del Ministero della Salute.<\/li>\n\n\n\n<li>Tra il 2004 e il 2009 ha continuato la sua attivit\u00e0 medica come medico del pronto soccorso presso l&#8217;Ospedale Statale di Serik, ad Antalya.<\/li>\n<\/ul>\n\n\n\n<p>Il Dottor Hakan Do\u011fanay \u00e8 sposato e ha un figlio maschio.<\/p>\n\n\n\n<h2 class=\"wp-block-heading\"><span class=\"ez-toc-section\" id=\"LEsperienza_del_Dottor_Doganay_nel_Trapianto_di_Capelli\"><\/span>L&#8217;Esperienza del Dottor Do\u011fanay nel Trapianto di Capelli<span class=\"ez-toc-section-end\"><\/span><\/h2>\n\n\n\n<p>Il Dottor Hakan Do\u011fanay ha fondato il centro di trapianto di capelli AHD nel 2003. Nel 2004, partecipando ai corsi aperti dal Ministero della Salute, ha ottenuto la certificazione di Medicina Estetica e ha accelerato le operazioni di trapianto di capelli. Per poter dedicare pi\u00f9 tempo al trapianto di capelli, nel 2009 si \u00e8 dimesso dall&#8217;organico statale e attualmente continua a svolgere operazioni di trapianto di capelli a tempo pieno.<\/p>\n\n\n\n<p>Il Dottor Hakan Do\u011fanay ha compiuto il suo primo passo nel trapianto di capelli nel 2003 con il metodo FUT. A partire dal 2005, ha iniziato a eseguire trapianti di capelli con il metodo FUE, una tecnica pi\u00f9 moderna.<\/p>\n\n\n\n<p>Il Dottor Do\u011fanay ha iniziato ad applicare la tecnica di trapianto capillare DHI, che all&#8217;epoca era una tecnica quasi sconosciuta in Turchia, a partire dal 2010. In altre parole, il pioniere in Turchia del trapianto capillare DHI, noto come tecnica dell&#8217;implanter pen, \u00e8 il Dottor Hakan Do\u011fanay. Se digitate &#8220;dhi sa\u00e7 ekimi before:2011&#8221; nella barra di ricerca di YouTube, vedrete che gli unici video di quegli anni sul trapianto capillare con il metodo della penna sono quelli del Dottor Do\u011fanay. Se controllate le date di pubblicazione dei video su YouTube, potete vedere che i video DHI di altre cliniche compaiono solo dopo il 2017.<\/p>\n\n\n\n<p>Dr. Do\u011fanay attualmente, nelle operazioni di trapianto di capelli, applica gli innesti nell&#8217;area ricevente solo con la tecnica DHI. Perch\u00e9 ha riscontrato che con questa tecnica il tasso di soddisfazione delle persone che si sottopongono al trapianto di capelli \u00e8 pi\u00f9 alto.<\/p>\n\n\n\n<p>Le procedure eseguite presso la clinica AHD;<\/p>\n\n\n\n<ul class=\"wp-block-list\">\n<li>Trapianto di capelli con capelli rasati e non rasati in donne e uomini.<\/li>\n\n\n\n<li>Trapianto di barba e baffi.<\/li>\n\n\n\n<li>Trapianto di capelli con peli del corpo come la barba e il petto.<\/li>\n\n\n\n<li>Trapianto di sopracciglia.<\/li>\n\n\n\n<li>Le procedure di correzione dei trapianti di capelli errati e falliti eseguiti in altre cliniche vengono applicate da anni.<\/li>\n<\/ul>\n\n\n\n<p>Inoltre, insieme ad alcuni colleghi medici che hanno dedicato la loro passione al trapianto di capelli in Turchia, \u00e8 uno dei membri fondatori dell&#8217;Associazione dei Medici Trapiantologi Turchi. Lo scopo di questa associazione \u00e8 portare i trapianti di capelli effettuati in Turchia alla rispettabile posizione che meritano in tutto il mondo e mostrare la verit\u00e0 cos\u00ec com&#8217;\u00e8 alle persone che desiderano sottoporsi al trapianto di capelli.<\/p>\n\n\n\n<h3 class=\"wp-block-heading\">Membership Internazionali<\/h3>\n\n\n\n<p>Il Dottor Hakan Do\u011fanay \u00e8 tra i medici consigliati da numerose associazioni internazionali per il trapianto di capelli e forum online. Per questo motivo, la nostra clinica riceve richieste per trapianti di capelli da ogni parte del mondo. Ecco i link ad alcune di queste organizzazioni.<\/p>\n\n\n\n<div class=\"wp-block-essential-blocks-row alignfull  root-eb-row-wtah7\"><div class=\"eb-parent-wrapper eb-parent-eb-row-wtah7 \"><div class=\"eb-row-root-container eb-row-wtah7\" data-id=\"eb-row-wtah7\"><div class=\"eb-row-wrapper\"><div class=\"eb-row-inner\">\n<div class=\"wp-block-essential-blocks-column  root-eb-column-6kjip\"><div class=\"eb-parent-wrapper eb-parent-eb-column-6kjip \"><div class=\"eb-column-wrapper eb-column-6kjip\"><div class=\"eb-column-inner\">\n<div class=\"wp-block-essential-blocks-advanced-image  root-eb-advanced-image-bflx7\"><div class=\"eb-parent-wrapper eb-parent-eb-advanced-image-bflx7 \"><figure class=\"eb-advanced-image-wrapper eb-advanced-image-bflx7 no-effect\" data-id=\"eb-advanced-image-bflx7\"><div class=\"eb-image-wrapper\"><div class=\"eb-image-wrapper-inner eb-img-style-rounded\"><img decoding=\"async\" src=\"https:\/\/www.ahdclinic.com\/wp-content\/uploads\/2025\/10\/ahla-american-hair-loss-.webp\" alt=\"\"\/><\/div><a class=\"eb-image-link\" href=\"https:\/\/www.americanhairloss.org\/hair-transplant-surgeons\/hakan-doganay\/\" target=\"_blank\" rel=\"noopener\"><\/a><\/div><\/figure><\/div><\/div>\n<\/div><\/div><\/div><\/div>\n\n\n\n<div class=\"wp-block-essential-blocks-column  root-eb-column-mkw7j\"><div class=\"eb-parent-wrapper eb-parent-eb-column-mkw7j \"><div class=\"eb-column-wrapper eb-column-mkw7j\"><div class=\"eb-column-inner\">\n<div class=\"wp-block-essential-blocks-advanced-image  root-eb-advanced-image-6mr87\"><div class=\"eb-parent-wrapper eb-parent-eb-advanced-image-6mr87 \"><figure class=\"eb-advanced-image-wrapper eb-advanced-image-6mr87 no-effect\" data-id=\"eb-advanced-image-6mr87\"><div class=\"eb-image-wrapper\"><div class=\"eb-image-wrapper-inner eb-img-style-rounded\"><img decoding=\"async\" src=\"https:\/\/www.ahdclinic.com\/wp-content\/uploads\/2025\/03\/iahrs.jpeg\" alt=\"\"\/><\/div><a class=\"eb-image-link\" href=\"https:\/\/www.iahrs.org\/hair-transplant\/hakan-doganay\" target=\"_blank\" rel=\"noopener\"><\/a><\/div><\/figure><\/div><\/div>\n<\/div><\/div><\/div><\/div>\n\n\n\n<div class=\"wp-block-essential-blocks-column  root-eb-column-nvpgw\"><div class=\"eb-parent-wrapper eb-parent-eb-column-nvpgw \"><div class=\"eb-column-wrapper eb-column-nvpgw\"><div class=\"eb-column-inner\">\n<div class=\"wp-block-essential-blocks-advanced-image  root-eb-advanced-image-xke6j\"><div class=\"eb-parent-wrapper eb-parent-eb-advanced-image-xke6j \"><figure class=\"eb-advanced-image-wrapper eb-advanced-image-xke6j no-effect\" data-id=\"eb-advanced-image-xke6j\"><div class=\"eb-image-wrapper\"><div class=\"eb-image-wrapper-inner eb-img-style-rounded\"><img decoding=\"async\" src=\"https:\/\/www.ahdclinic.com\/wp-content\/uploads\/2025\/03\/hairsite.gif\" alt=\"hairsite\"\/><\/div><a class=\"eb-image-link\" href=\"https:\/\/hairsite.com\/doctor\/antalya-turkey\/ahd-hair-transplant-reviews-antalya-turkey\/\" target=\"_blank\" rel=\"noopener\"><\/a><\/div><\/figure><\/div><\/div>\n<\/div><\/div><\/div><\/div>\n\n\n\n<div class=\"wp-block-essential-blocks-column  root-eb-column-g8tzd\"><div class=\"eb-parent-wrapper eb-parent-eb-column-g8tzd \"><div class=\"eb-column-wrapper eb-column-g8tzd\"><div class=\"eb-column-inner\">\n<div class=\"wp-block-essential-blocks-advanced-image  root-eb-advanced-image-8vxuw\"><div class=\"eb-parent-wrapper eb-parent-eb-advanced-image-8vxuw \"><figure class=\"eb-advanced-image-wrapper eb-advanced-image-8vxuw no-effect\" data-id=\"eb-advanced-image-8vxuw\"><div class=\"eb-image-wrapper\"><div class=\"eb-image-wrapper-inner eb-img-style-rounded\"><img decoding=\"async\" src=\"https:\/\/www.ahdclinic.com\/wp-content\/uploads\/2025\/02\/hairloss.webp\" alt=\"\"\/><\/div><a class=\"eb-image-link\" href=\"https:\/\/www.hairlossexperiences.com\/forums\/dr-hakan-doganay.36\/\" target=\"_blank\" rel=\"noopener\"><\/a><\/div><\/figure><\/div><\/div>\n<\/div><\/div><\/div><\/div>\n\n\n\n<div class=\"wp-block-essential-blocks-column  root-eb-column-n1ie0\"><div class=\"eb-parent-wrapper eb-parent-eb-column-n1ie0 \"><div class=\"eb-column-wrapper eb-column-n1ie0\"><div class=\"eb-column-inner\">\n<div class=\"wp-block-essential-blocks-advanced-image  root-eb-advanced-image-kzzdw\"><div class=\"eb-parent-wrapper eb-parent-eb-advanced-image-kzzdw \"><figure class=\"eb-advanced-image-wrapper eb-advanced-image-kzzdw no-effect\" data-id=\"eb-advanced-image-kzzdw\"><div class=\"eb-image-wrapper\"><div class=\"eb-image-wrapper-inner eb-img-style-rounded\"><img decoding=\"async\" src=\"https:\/\/www.ahdclinic.com\/wp-content\/uploads\/2025\/02\/international.webp\" alt=\"\"\/><\/div><a class=\"eb-image-link\" href=\"https:\/\/www.international-hairlossforum.com\/viewforum.php?f=90&amp;sid=d3be920c12e5bf7e7642dd88eb83c095\" target=\"_blank\" rel=\"noopener\"><\/a><\/div><\/figure><\/div><\/div>\n<\/div><\/div><\/div><\/div>\n\n\n\n<div class=\"wp-block-essential-blocks-column  root-eb-column-6pylo\"><div class=\"eb-parent-wrapper eb-parent-eb-column-6pylo \"><div class=\"eb-column-wrapper eb-column-6pylo\"><div class=\"eb-column-inner\">\n<div class=\"wp-block-essential-blocks-advanced-image  root-eb-advanced-image-gv3da\"><div class=\"eb-parent-wrapper eb-parent-eb-advanced-image-gv3da \"><figure class=\"eb-advanced-image-wrapper eb-advanced-image-gv3da no-effect\" data-id=\"eb-advanced-image-gv3da\"><div class=\"eb-image-wrapper\"><div class=\"eb-image-wrapper-inner eb-img-style-rounded\"><img decoding=\"async\" src=\"https:\/\/www.ahdclinic.com\/wp-content\/uploads\/2025\/10\/best-hair-transplnt-doctors-.webp\" alt=\"\"\/><\/div><a class=\"eb-image-link\" href=\"https:\/\/www.apetogentleman.com\/worlds-best-hair-transplant-doctors\/\" target=\"_blank\" rel=\"noopener\"><\/a><\/div><\/figure><\/div><\/div>\n<\/div><\/div><\/div><\/div>\n<\/div><\/div><\/div><\/div><\/div>\n","protected":false},"excerpt":{"rendered":"<p>Il Dottor Hakan Do\u011fanay, che gode di grande prestigio sia in Turchia che a livello internazionale, \u00e8 membro di numerose organizzazioni dedicate alla chirurgia capillare. Fondatore della clinica AHD, il Dottor Do\u011fanay continua la sua attivit\u00e0 professionale nella sua clinica ad Antalya. Curriculum Vitae del Dott. Hakan Do\u011fanay Il Dottor Do\u011fanay \u00e8 nato nel 1969 [&hellip;]<\/p>\n","protected":false},"author":2,"featured_media":0,"parent":0,"menu_order":0,"comment_status":"closed","ping_status":"closed","template":"","meta":{"_eb_attr":"","_eb_data_table":"","footnotes":""},"class_list":["post-21334","page","type-page","status-publish","hentry"],"_links":{"self":[{"href":"https:\/\/www.ahdclinic.com\/it\/wp-json\/wp\/v2\/pages\/21334","targetHints":{"allow":["GET"]}}],"collection":[{"href":"https:\/\/www.ahdclinic.com\/it\/wp-json\/wp\/v2\/pages"}],"about":[{"href":"https:\/\/www.ahdclinic.com\/it\/wp-json\/wp\/v2\/types\/page"}],"author":[{"embeddable":true,"href":"https:\/\/www.ahdclinic.com\/it\/wp-json\/wp\/v2\/users\/2"}],"replies":[{"embeddable":true,"href":"https:\/\/www.ahdclinic.com\/it\/wp-json\/wp\/v2\/comments?post=21334"}],"version-history":[{"count":2,"href":"https:\/\/www.ahdclinic.com\/it\/wp-json\/wp\/v2\/pages\/21334\/revisions"}],"predecessor-version":[{"id":21337,"href":"https:\/\/www.ahdclinic.com\/it\/wp-json\/wp\/v2\/pages\/21334\/revisions\/21337"}],"wp:attachment":[{"href":"https:\/\/www.ahdclinic.com\/it\/wp-json\/wp\/v2\/media?parent=21334"}],"curies":[{"name":"wp","href":"https:\/\/api.w.org\/{rel}","templated":true}]}}