{"id":6961,"date":"2025-04-06T17:07:02","date_gmt":"2025-04-06T14:07:02","guid":{"rendered":"https:\/\/www.ahdclinic.com\/hakan-doganay-md\/"},"modified":"2025-10-16T00:35:01","modified_gmt":"2025-10-15T21:35:01","slug":"hakan-doganay-chirurgien-de-greffe-de-cheveux","status":"publish","type":"page","link":"https:\/\/www.ahdclinic.com\/fr\/hakan-doganay-chirurgien-de-greffe-de-cheveux\/","title":{"rendered":"Hakan Doganay Chirurgien de greffe de cheveux"},"content":{"rendered":"\n<p>Le Dr Hakan Do\u011fanay, qui occupe une position respect\u00e9e aussi bien en Turquie qu\u2019\u00e0 l\u2019international, est membre de plusieurs organisations internationales de chirurgie capillaire. Il est le fondateur de la clinique AHD et poursuit ses travaux dans sa propre clinique \u00e0 Antalya.<\/p>\n\n\n\n<div id=\"ez-toc-container\" class=\"ez-toc-v2_0_82_1 counter-hierarchy ez-toc-counter ez-toc-grey ez-toc-container-direction\">\n<div class=\"ez-toc-title-container\">\n<p class=\"ez-toc-title\" style=\"cursor:inherit\">Table of Contents<\/p>\n<span class=\"ez-toc-title-toggle\"><a href=\"#\" class=\"ez-toc-pull-right ez-toc-btn ez-toc-btn-xs ez-toc-btn-default ez-toc-toggle\" aria-label=\"Toggle Table of Content\"><span class=\"ez-toc-js-icon-con\"><span class=\"\"><span class=\"eztoc-hide\" style=\"display:none;\">Toggle<\/span><span class=\"ez-toc-icon-toggle-span\"><svg style=\"fill: #999;color:#999\" xmlns=\"http:\/\/www.w3.org\/2000\/svg\" class=\"list-377408\" width=\"20px\" height=\"20px\" viewBox=\"0 0 24 24\" fill=\"none\"><path d=\"M6 6H4v2h2V6zm14 0H8v2h12V6zM4 11h2v2H4v-2zm16 0H8v2h12v-2zM4 16h2v2H4v-2zm16 0H8v2h12v-2z\" fill=\"currentColor\"><\/path><\/svg><svg style=\"fill: #999;color:#999\" class=\"arrow-unsorted-368013\" xmlns=\"http:\/\/www.w3.org\/2000\/svg\" width=\"10px\" height=\"10px\" viewBox=\"0 0 24 24\" version=\"1.2\" baseProfile=\"tiny\"><path d=\"M18.2 9.3l-6.2-6.3-6.2 6.3c-.2.2-.3.4-.3.7s.1.5.3.7c.2.2.4.3.7.3h11c.3 0 .5-.1.7-.3.2-.2.3-.5.3-.7s-.1-.5-.3-.7zM5.8 14.7l6.2 6.3 6.2-6.3c.2-.2.3-.5.3-.7s-.1-.5-.3-.7c-.2-.2-.4-.3-.7-.3h-11c-.3 0-.5.1-.7.3-.2.2-.3.5-.3.7s.1.5.3.7z\"\/><\/svg><\/span><\/span><\/span><\/a><\/span><\/div>\n<nav><ul class='ez-toc-list ez-toc-list-level-1 eztoc-toggle-hide-by-default' ><li class='ez-toc-page-1 ez-toc-heading-level-2'><a class=\"ez-toc-link ez-toc-heading-1\" href=\"https:\/\/www.ahdclinic.com\/fr\/hakan-doganay-chirurgien-de-greffe-de-cheveux\/#Biographie_du_Dr_Hakan_Doganay\" >Biographie du Dr Hakan Doganay<\/a><\/li><li class='ez-toc-page-1 ez-toc-heading-level-2'><a class=\"ez-toc-link ez-toc-heading-2\" href=\"https:\/\/www.ahdclinic.com\/fr\/hakan-doganay-chirurgien-de-greffe-de-cheveux\/#Experience_du_Dr_Doganay_en_matiere_de_greffe_de_cheveux\" >Exp\u00e9rience du Dr Do\u011fanay en mati\u00e8re de greffe de cheveux<\/a><\/li><\/ul><\/nav><\/div>\n<h2 class=\"wp-block-heading\"><span class=\"ez-toc-section\" id=\"Biographie_du_Dr_Hakan_Doganay\"><\/span>Biographie du Dr Hakan Doganay<span class=\"ez-toc-section-end\"><\/span><\/h2>\n\n\n\n<p>Le Dr Do\u011fanay est n\u00e9 en <strong>1969 \u00e0 Istanbul<\/strong>. Il a effectu\u00e9 sa scolarit\u00e9 primaire, secondaire et son lyc\u00e9e dans la ville de <strong>Konya<\/strong>. En <strong>1986<\/strong>, il a commenc\u00e9 ses \u00e9tudes de m\u00e9decine \u00e0 la <strong>Facult\u00e9 de M\u00e9decine de l\u2019Universit\u00e9 Sel\u00e7uk<\/strong> \u00e0 Konya et a obtenu son dipl\u00f4me de m\u00e9decin en <strong>1993<\/strong>.<\/p>\n\n\n\n<ul class=\"wp-block-list\">\n<li>Entre <strong>1993 et 2009<\/strong>, il a exerc\u00e9 en tant que m\u00e9decin dans diff\u00e9rentes r\u00e9gions de Turquie.<\/li>\n\n\n\n<li>De <strong>1993 \u00e0 1995<\/strong>, il a accompli son service obligatoire dans la province de <strong>Ni\u011fde<\/strong>.<\/li>\n\n\n\n<li>Entre <strong>1996 et 2000<\/strong>, il a travaill\u00e9 comme m\u00e9decin g\u00e9n\u00e9raliste dans une clinique locale du district de <strong>G\u00fcndo\u011fmu\u015f<\/strong> \u00e0 Antalya.<\/li>\n\n\n\n<li>De <strong>2000 \u00e0 2004<\/strong>, il a occup\u00e9 le poste de <strong>m\u00e9decin-chef r\u00e9gional<\/strong> au bureau d\u2019Antalya de la Direction G\u00e9n\u00e9rale de la Sant\u00e9 des Fronti\u00e8res et des C\u00f4tes, relevant du Minist\u00e8re de la Sant\u00e9.<\/li>\n\n\n\n<li>Entre <strong>2004 et 2009<\/strong>, il a poursuivi sa carri\u00e8re m\u00e9dicale comme <strong>m\u00e9decin du service des urgences<\/strong> \u00e0 l\u2019H\u00f4pital public de <strong>Serik<\/strong>, \u00e0 Antalya.<\/li>\n<\/ul>\n\n\n\n<p>Le Dr Hakan Do\u011fanay est mari\u00e9 et a un fils.<\/p>\n\n\n\n<h2 class=\"wp-block-heading\"><span class=\"ez-toc-section\" id=\"Experience_du_Dr_Doganay_en_matiere_de_greffe_de_cheveux\"><\/span>Exp\u00e9rience du Dr Do\u011fanay en mati\u00e8re de greffe de cheveux<span class=\"ez-toc-section-end\"><\/span><\/h2>\n\n\n\n<p>Le Dr Hakan Do\u011fanay a fond\u00e9 le <strong>Centre de Greffe de Cheveux AHD<\/strong> en <strong>2003<\/strong>. En <strong>2004<\/strong>, il a suivi des cours organis\u00e9s par le Minist\u00e8re turc de la Sant\u00e9 et a obtenu sa <strong>certification de m\u00e9decin en esth\u00e9tique m\u00e9dicale<\/strong>, ce qui a acc\u00e9l\u00e9r\u00e9 son engagement dans les chirurgies de greffe capillaire. En <strong>2009<\/strong>, il a d\u00e9missionn\u00e9 de ses fonctions m\u00e9dicales publiques afin de consacrer davantage de temps \u00e0 la greffe de cheveux et, depuis, il exerce \u00e0 temps plein dans ce domaine.<\/p>\n\n\n\n<p>Le Dr Do\u011fanay a commenc\u00e9 sa carri\u00e8re dans la greffe de cheveux en <strong>2003<\/strong> en utilisant la m\u00e9thode <strong>FUT<\/strong>. \u00c0 partir de <strong>2005<\/strong>, il a adopt\u00e9 la technique plus moderne de la <strong>FUE<\/strong>.<\/p>\n\n\n\n<p>En <strong>2010<\/strong>, le Dr Do\u011fanay a commenc\u00e9 \u00e0 utiliser la m\u00e9thode de greffe capillaire <strong>DHI<\/strong>, une technique dont le nom \u00e9tait quasiment inconnu en Turquie \u00e0 cette \u00e9poque. Le Dr Hakan Do\u011fanay est le <strong>pionnier de la technique DHI<\/strong>, \u00e9galement appel\u00e9e <strong>m\u00e9thode du stylo implanteur<\/strong>, en Turquie. Si vous effectuez une recherche sur YouTube avec le terme <em>\u00ab dhi sa\u00e7 ekimi before:2011 \u00bb<\/em>, vous ne trouverez que les vid\u00e9os du Dr Do\u011fanay de cette p\u00e9riode utilisant la technique du stylo. En v\u00e9rifiant les dates de mise en ligne des vid\u00e9os, vous verrez que les autres cliniques n\u2019ont commenc\u00e9 \u00e0 publier du contenu li\u00e9 au DHI qu\u2019\u00e0 partir de <strong>2017<\/strong> et plus tard.<\/p>\n\n\n\n<p>Le Dr Do\u011fanay utilise encore aujourd\u2019hui uniquement la <strong>m\u00e9thode DHI<\/strong> pour implanter les greffons dans la zone receveuse lors des greffes de cheveux, car il a constat\u00e9 que les patients sont g\u00e9n\u00e9ralement plus satisfaits des r\u00e9sultats obtenus gr\u00e2ce \u00e0 cette technique.<\/p>\n\n\n\n<p>\u00c0 la clinique du Dr Hakan Do\u011fanay, les interventions suivantes sont r\u00e9alis\u00e9es depuis des ann\u00e9es :<\/p>\n\n\n\n<ul class=\"wp-block-list\">\n<li>Greffe de cheveux avec ou sans rasage, chez les hommes et les femmes<\/li>\n\n\n\n<li>Greffe de barbe et de moustache<\/li>\n\n\n\n<li>Greffe capillaire utilisant des poils du corps, tels que ceux de la barbe et du thorax<\/li>\n\n\n\n<li>Greffe de sourcils<\/li>\n\n\n\n<li>Correction de greffes capillaires rat\u00e9es ou insatisfaisantes effectu\u00e9es dans d\u2019autres cliniques<\/li>\n<\/ul>\n\n\n\n<p>En plus de ces activit\u00e9s, il est l\u2019un des <strong>membres fondateurs de l\u2019Association Turque des M\u00e9decins de Greffe Capillaire<\/strong>, qu\u2019il a cr\u00e9\u00e9e aux c\u00f4t\u00e9s de plusieurs confr\u00e8res m\u00e9decins d\u00e9di\u00e9s au d\u00e9veloppement de la transplantation capillaire en Turquie. L\u2019objectif de cette association est de renforcer la r\u00e9putation mondiale de la greffe de cheveux en Turquie et de fournir des informations honn\u00eates et pr\u00e9cises aux personnes qui souhaitent b\u00e9n\u00e9ficier de ce type de proc\u00e9dure.<\/p>\n\n\n\n<h3 class=\"wp-block-heading\">Adh\u00e9sions internationales<\/h3>\n\n\n\n<p>Le Dr Hakan Do\u011fanay fait partie des m\u00e9decins recommand\u00e9s par de nombreuses associations internationales de greffe capillaire ainsi que par des sites et forums sp\u00e9cialis\u00e9s. Par cons\u00e9quent, notre clinique re\u00e7oit des demandes de greffe de cheveux provenant du monde entier. Voici quelques liens vers certaines de ces organisations :<\/p>\n\n\n\n<div class=\"wp-block-essential-blocks-row alignfull  root-eb-row-wtah7\"><div class=\"eb-parent-wrapper eb-parent-eb-row-wtah7 \"><div class=\"eb-row-root-container eb-row-wtah7\" data-id=\"eb-row-wtah7\"><div class=\"eb-row-wrapper\"><div class=\"eb-row-inner\">\n<div class=\"wp-block-essential-blocks-column  root-eb-column-6kjip\"><div class=\"eb-parent-wrapper eb-parent-eb-column-6kjip \"><div class=\"eb-column-wrapper eb-column-6kjip\"><div class=\"eb-column-inner\">\n<div class=\"wp-block-essential-blocks-advanced-image  root-eb-advanced-image-bflx7\"><div class=\"eb-parent-wrapper eb-parent-eb-advanced-image-bflx7 \"><figure class=\"eb-advanced-image-wrapper eb-advanced-image-bflx7 no-effect\" data-id=\"eb-advanced-image-bflx7\"><div class=\"eb-image-wrapper\"><div class=\"eb-image-wrapper-inner eb-img-style-rounded\"><img decoding=\"async\" src=\"https:\/\/www.ahdclinic.com\/wp-content\/uploads\/2025\/10\/ahla-american-hair-loss-.webp\" alt=\"\"\/><\/div><a class=\"eb-image-link\" href=\"https:\/\/www.americanhairloss.org\/hair-transplant-surgeons\/hakan-doganay\/\" target=\"_blank\" rel=\"noopener\"><\/a><\/div><\/figure><\/div><\/div>\n<\/div><\/div><\/div><\/div>\n\n\n\n<div class=\"wp-block-essential-blocks-column  root-eb-column-mkw7j\"><div class=\"eb-parent-wrapper eb-parent-eb-column-mkw7j \"><div class=\"eb-column-wrapper eb-column-mkw7j\"><div class=\"eb-column-inner\">\n<div class=\"wp-block-essential-blocks-advanced-image  root-eb-advanced-image-6mr87\"><div class=\"eb-parent-wrapper eb-parent-eb-advanced-image-6mr87 \"><figure class=\"eb-advanced-image-wrapper eb-advanced-image-6mr87 no-effect\" data-id=\"eb-advanced-image-6mr87\"><div class=\"eb-image-wrapper\"><div class=\"eb-image-wrapper-inner eb-img-style-rounded\"><img decoding=\"async\" src=\"https:\/\/www.ahdclinic.com\/wp-content\/uploads\/2025\/03\/iahrs.jpeg\" alt=\"\"\/><\/div><a class=\"eb-image-link\" href=\"https:\/\/www.iahrs.org\/hair-transplant\/hakan-doganay\" target=\"_blank\" rel=\"noopener\"><\/a><\/div><\/figure><\/div><\/div>\n<\/div><\/div><\/div><\/div>\n\n\n\n<div class=\"wp-block-essential-blocks-column  root-eb-column-nvpgw\"><div class=\"eb-parent-wrapper eb-parent-eb-column-nvpgw \"><div class=\"eb-column-wrapper eb-column-nvpgw\"><div class=\"eb-column-inner\">\n<div class=\"wp-block-essential-blocks-advanced-image  root-eb-advanced-image-xke6j\"><div class=\"eb-parent-wrapper eb-parent-eb-advanced-image-xke6j \"><figure class=\"eb-advanced-image-wrapper eb-advanced-image-xke6j no-effect\" data-id=\"eb-advanced-image-xke6j\"><div class=\"eb-image-wrapper\"><div class=\"eb-image-wrapper-inner eb-img-style-rounded\"><img decoding=\"async\" src=\"https:\/\/www.ahdclinic.com\/wp-content\/uploads\/2025\/03\/hairsite.gif\" alt=\"hairsite\"\/><\/div><a class=\"eb-image-link\" href=\"https:\/\/hairsite.com\/doctor\/antalya-turkey\/ahd-hair-transplant-reviews-antalya-turkey\/\" target=\"_blank\" rel=\"noopener\"><\/a><\/div><\/figure><\/div><\/div>\n<\/div><\/div><\/div><\/div>\n\n\n\n<div class=\"wp-block-essential-blocks-column  root-eb-column-g8tzd\"><div class=\"eb-parent-wrapper eb-parent-eb-column-g8tzd \"><div class=\"eb-column-wrapper eb-column-g8tzd\"><div class=\"eb-column-inner\">\n<div class=\"wp-block-essential-blocks-advanced-image  root-eb-advanced-image-8vxuw\"><div class=\"eb-parent-wrapper eb-parent-eb-advanced-image-8vxuw \"><figure class=\"eb-advanced-image-wrapper eb-advanced-image-8vxuw no-effect\" data-id=\"eb-advanced-image-8vxuw\"><div class=\"eb-image-wrapper\"><div class=\"eb-image-wrapper-inner eb-img-style-rounded\"><img decoding=\"async\" src=\"https:\/\/www.ahdclinic.com\/wp-content\/uploads\/2025\/02\/hairloss.webp\" alt=\"\"\/><\/div><a class=\"eb-image-link\" href=\"https:\/\/www.hairlossexperiences.com\/forums\/dr-hakan-doganay.36\/\" target=\"_blank\" rel=\"noopener\"><\/a><\/div><\/figure><\/div><\/div>\n<\/div><\/div><\/div><\/div>\n\n\n\n<div class=\"wp-block-essential-blocks-column  root-eb-column-n1ie0\"><div class=\"eb-parent-wrapper eb-parent-eb-column-n1ie0 \"><div class=\"eb-column-wrapper eb-column-n1ie0\"><div class=\"eb-column-inner\">\n<div class=\"wp-block-essential-blocks-advanced-image  root-eb-advanced-image-kzzdw\"><div class=\"eb-parent-wrapper eb-parent-eb-advanced-image-kzzdw \"><figure class=\"eb-advanced-image-wrapper eb-advanced-image-kzzdw no-effect\" data-id=\"eb-advanced-image-kzzdw\"><div class=\"eb-image-wrapper\"><div class=\"eb-image-wrapper-inner eb-img-style-rounded\"><img decoding=\"async\" src=\"https:\/\/www.ahdclinic.com\/wp-content\/uploads\/2025\/02\/international.webp\" alt=\"\"\/><\/div><a class=\"eb-image-link\" href=\"https:\/\/www.international-hairlossforum.com\/viewforum.php?f=90&amp;sid=d3be920c12e5bf7e7642dd88eb83c095\" target=\"_blank\" rel=\"noopener\"><\/a><\/div><\/figure><\/div><\/div>\n<\/div><\/div><\/div><\/div>\n\n\n\n<div class=\"wp-block-essential-blocks-column  root-eb-column-6pylo\"><div class=\"eb-parent-wrapper eb-parent-eb-column-6pylo \"><div class=\"eb-column-wrapper eb-column-6pylo\"><div class=\"eb-column-inner\">\n<div class=\"wp-block-essential-blocks-advanced-image  root-eb-advanced-image-gv3da\"><div class=\"eb-parent-wrapper eb-parent-eb-advanced-image-gv3da \"><figure class=\"eb-advanced-image-wrapper eb-advanced-image-gv3da no-effect\" data-id=\"eb-advanced-image-gv3da\"><div class=\"eb-image-wrapper\"><div class=\"eb-image-wrapper-inner eb-img-style-rounded\"><img decoding=\"async\" src=\"https:\/\/www.ahdclinic.com\/wp-content\/uploads\/2025\/10\/best-hair-transplnt-doctors-.webp\" alt=\"\"\/><\/div><a class=\"eb-image-link\" href=\"https:\/\/www.apetogentleman.com\/worlds-best-hair-transplant-doctors\/\" target=\"_blank\" rel=\"noopener\"><\/a><\/div><\/figure><\/div><\/div>\n<\/div><\/div><\/div><\/div>\n<\/div><\/div><\/div><\/div><\/div>\n","protected":false},"excerpt":{"rendered":"<p>Le Dr Hakan Do\u011fanay, qui occupe une position respect\u00e9e aussi bien en Turquie qu\u2019\u00e0 l\u2019international, est membre de plusieurs organisations internationales de chirurgie capillaire. Il est le fondateur de la clinique AHD et poursuit ses travaux dans sa propre clinique \u00e0 Antalya. Biographie du Dr Hakan Doganay Le Dr Do\u011fanay est n\u00e9 en 1969 \u00e0 [&hellip;]<\/p>\n","protected":false},"author":4,"featured_media":0,"parent":0,"menu_order":0,"comment_status":"closed","ping_status":"closed","template":"","meta":{"_eb_attr":"","_eb_data_table":"","footnotes":""},"class_list":["post-6961","page","type-page","status-publish","hentry"],"_links":{"self":[{"href":"https:\/\/www.ahdclinic.com\/fr\/wp-json\/wp\/v2\/pages\/6961","targetHints":{"allow":["GET"]}}],"collection":[{"href":"https:\/\/www.ahdclinic.com\/fr\/wp-json\/wp\/v2\/pages"}],"about":[{"href":"https:\/\/www.ahdclinic.com\/fr\/wp-json\/wp\/v2\/types\/page"}],"author":[{"embeddable":true,"href":"https:\/\/www.ahdclinic.com\/fr\/wp-json\/wp\/v2\/users\/4"}],"replies":[{"embeddable":true,"href":"https:\/\/www.ahdclinic.com\/fr\/wp-json\/wp\/v2\/comments?post=6961"}],"version-history":[{"count":1,"href":"https:\/\/www.ahdclinic.com\/fr\/wp-json\/wp\/v2\/pages\/6961\/revisions"}],"predecessor-version":[{"id":21330,"href":"https:\/\/www.ahdclinic.com\/fr\/wp-json\/wp\/v2\/pages\/6961\/revisions\/21330"}],"wp:attachment":[{"href":"https:\/\/www.ahdclinic.com\/fr\/wp-json\/wp\/v2\/media?parent=6961"}],"curies":[{"name":"wp","href":"https:\/\/api.w.org\/{rel}","templated":true}]}}