{"id":21308,"date":"2025-04-06T17:07:02","date_gmt":"2025-04-06T14:07:02","guid":{"rendered":"https:\/\/www.ahdclinic.com\/?page_id=21308"},"modified":"2025-10-16T00:19:13","modified_gmt":"2025-10-15T21:19:13","slug":"dr-hakan-doganay","status":"publish","type":"page","link":"https:\/\/www.ahdclinic.com\/es\/dr-hakan-doganay\/","title":{"rendered":"Dr. Hakan Do\u011fanay"},"content":{"rendered":"\n<p>El Dr. Hakan Do\u011fanay, que ocupa un lugar prestigioso tanto en Turqu\u00eda como en el mundo, es tambi\u00e9n miembro de numerosas organizaciones internacionales de cirug\u00eda capilar. Fundador de la cl\u00ednica AHD, el Dr. Do\u011fanay contin\u00faa su trabajo en su propia cl\u00ednica en Antalya.<\/p>\n\n\n\n<div id=\"ez-toc-container\" class=\"ez-toc-v2_0_82_1 counter-hierarchy ez-toc-counter ez-toc-grey ez-toc-container-direction\">\n<div class=\"ez-toc-title-container\">\n<p class=\"ez-toc-title\" style=\"cursor:inherit\">Table of Contents<\/p>\n<span class=\"ez-toc-title-toggle\"><a href=\"#\" class=\"ez-toc-pull-right ez-toc-btn ez-toc-btn-xs ez-toc-btn-default ez-toc-toggle\" aria-label=\"Alternar tabla de contenidos\"><span class=\"ez-toc-js-icon-con\"><span class=\"\"><span class=\"eztoc-hide\" style=\"display:none;\">Toggle<\/span><span class=\"ez-toc-icon-toggle-span\"><svg style=\"fill: #999;color:#999\" xmlns=\"http:\/\/www.w3.org\/2000\/svg\" class=\"list-377408\" width=\"20px\" height=\"20px\" viewBox=\"0 0 24 24\" fill=\"none\"><path d=\"M6 6H4v2h2V6zm14 0H8v2h12V6zM4 11h2v2H4v-2zm16 0H8v2h12v-2zM4 16h2v2H4v-2zm16 0H8v2h12v-2z\" fill=\"currentColor\"><\/path><\/svg><svg style=\"fill: #999;color:#999\" class=\"arrow-unsorted-368013\" xmlns=\"http:\/\/www.w3.org\/2000\/svg\" width=\"10px\" height=\"10px\" viewBox=\"0 0 24 24\" version=\"1.2\" baseProfile=\"tiny\"><path d=\"M18.2 9.3l-6.2-6.3-6.2 6.3c-.2.2-.3.4-.3.7s.1.5.3.7c.2.2.4.3.7.3h11c.3 0 .5-.1.7-.3.2-.2.3-.5.3-.7s-.1-.5-.3-.7zM5.8 14.7l6.2 6.3 6.2-6.3c.2-.2.3-.5.3-.7s-.1-.5-.3-.7c-.2-.2-.4-.3-.7-.3h-11c-.3 0-.5.1-.7.3-.2.2-.3.5-.3.7s.1.5.3.7z\"\/><\/svg><\/span><\/span><\/span><\/a><\/span><\/div>\n<nav><ul class='ez-toc-list ez-toc-list-level-1 eztoc-toggle-hide-by-default' ><li class='ez-toc-page-1 ez-toc-heading-level-2'><a class=\"ez-toc-link ez-toc-heading-1\" href=\"https:\/\/www.ahdclinic.com\/es\/dr-hakan-doganay\/#Curriculum_Vitae_del_Dr_Hakan_Doganay\" >Curr\u00edculum Vitae del Dr. Hakan Do\u011fanay<\/a><\/li><li class='ez-toc-page-1 ez-toc-heading-level-2'><a class=\"ez-toc-link ez-toc-heading-2\" href=\"https:\/\/www.ahdclinic.com\/es\/dr-hakan-doganay\/#Historial_de_Trasplante_Capilar_del_Dr_Doganay\" >Historial de Trasplante Capilar del Dr. Do\u011fanay<\/a><\/li><\/ul><\/nav><\/div>\n<h2 class=\"wp-block-heading\"><span class=\"ez-toc-section\" id=\"Curriculum_Vitae_del_Dr_Hakan_Doganay\"><\/span>Curr\u00edculum Vitae del Dr. Hakan Do\u011fanay<span class=\"ez-toc-section-end\"><\/span><\/h2>\n\n\n\n<p>El Dr. Do\u011fanay naci\u00f3 en 1969 en Estambul. Complet\u00f3 su educaci\u00f3n primaria, secundaria y bachillerato en la ciudad de Konya. En 1986, dio su primer paso hacia la medicina en la Facultad de Medicina de la Universidad de Sel\u00e7uk en Konya y se gradu\u00f3 como m\u00e9dico en 1993.<\/p>\n\n\n\n<ul class=\"wp-block-list\">\n<li>Entre 1993 y 2009, ejerci\u00f3 la profesi\u00f3n m\u00e9dica en diversas regiones de Turqu\u00eda.<\/li>\n\n\n\n<li>Entre 1993 y 1995, complet\u00f3 su servicio obligatorio en la provincia de Ni\u011fde.<\/li>\n\n\n\n<li>Entre 1996 y 2000, trabaj\u00f3 como m\u00e9dico de cabecera en el centro de salud del distrito de G\u00fcndo\u011fmu\u015f, provincia de Antalya.<\/li>\n\n\n\n<li>Entre 2000 y 2004, trabaj\u00f3 como M\u00e9dico Jefe Regional de Antalya en la Direcci\u00f3n General de Sanidad Fronteriza y Mar\u00edtima del Ministerio de Salud.<\/li>\n\n\n\n<li>Entre 2004 y 2009, continu\u00f3 su servicio m\u00e9dico como m\u00e9dico de urgencias en el Hospital Estatal de Serik, Antalya.<\/li>\n<\/ul>\n\n\n\n<p>El Dr. Hakan Do\u011fanay est\u00e1 casado y es padre de un hijo var\u00f3n.<\/p>\n\n\n\n<h2 class=\"wp-block-heading\"><span class=\"ez-toc-section\" id=\"Historial_de_Trasplante_Capilar_del_Dr_Doganay\"><\/span>Historial de Trasplante Capilar del Dr. Do\u011fanay<span class=\"ez-toc-section-end\"><\/span><\/h2>\n\n\n\n<p>El Dr. Hakan Do\u011fanay fund\u00f3 el Centro de Trasplante Capilar AHD en 2003. En 2004, asisti\u00f3 a los cursos organizados por el Ministerio de Salud y obtuvo el Certificado de Medicina Est\u00e9tica, acelerando as\u00ed sus cirug\u00edas de trasplante capilar. Para poder dedicar m\u00e1s tiempo al trasplante capilar, dej\u00f3 su puesto en la administraci\u00f3n p\u00fablica en 2009 y actualmente contin\u00faa realizando operaciones de trasplante capilar a tiempo completo.<\/p>\n\n\n\n<p>El Dr. Hakan Do\u011fanay dio sus primeros pasos en el trasplante capilar en 2003 con el m\u00e9todo FUT. A partir de 2005, comenz\u00f3 a realizar trasplantes de cabello con el m\u00e9todo FUE, una t\u00e9cnica m\u00e1s moderna.<\/p>\n\n\n\n<p>El Dr. Do\u011fanay comenz\u00f3 a aplicar la t\u00e9cnica de implante capilar DHI, que por aquellos a\u00f1os ni siquiera era conocida en Turqu\u00eda, a partir de 2010. Es decir, el Dr. Hakan Do\u011fanay es el pionero en Turqu\u00eda de la t\u00e9cnica DHI, tambi\u00e9n conocida como t\u00e9cnica de implante con \u00abimplanter pen\u00bb. Si escribes en la barra de b\u00fasqueda de YouTube \u00abdhi sa\u00e7 ekimi before:2011\u00bb, ver\u00e1s que en aquellos a\u00f1os solo los videos del Dr. Do\u011fanay mostraban el implante capilar con el m\u00e9todo de la \u00abpluma\u00bb o \u00abbol\u00edgrafo\u00bb. Si revisas las fechas de publicaci\u00f3n de los videos de YouTube, podr\u00e1s ver videos DHI de otras cl\u00ednicas solo a partir de 2017.<\/p>\n\n\n\n<p>El Dr. Do\u011fanay actualmente aplica la implantaci\u00f3n de injertos en la zona receptora durante las operaciones de trasplante de cabello \u00fanicamente con la t\u00e9cnica DHI. Porque ha determinado que la tasa de satisfacci\u00f3n de las personas que se someten al trasplante capilar con esta t\u00e9cnica es m\u00e1s alta.<\/p>\n\n\n\n<p>En la cl\u00ednica AHD;<\/p>\n\n\n\n<ul class=\"wp-block-list\">\n<li>Durante a\u00f1os se han realizado procedimientos de trasplante de cabello con pelo afeitado y sin afeitar en hombres y mujeres.<\/li>\n\n\n\n<li>Trasplante de barba y bigote<\/li>\n\n\n\n<li>Trasplante de cabello utilizando vello corporal, como de la barba y el pecho.<\/li>\n\n\n\n<li>Trasplante de cejas<\/li>\n\n\n\n<li>As\u00ed como la correcci\u00f3n de trasplantes de cabello defectuosos y fallidos realizados en otras cl\u00ednicas.<\/li>\n<\/ul>\n\n\n\n<p>Adem\u00e1s, es uno de los miembros fundadores de la Asociaci\u00f3n Turca de M\u00e9dicos de Trasplante Capilar, junto con un grupo de colegas doctores que han dedicado su pasi\u00f3n al trasplante capilar en Turqu\u00eda. El objetivo de esta asociaci\u00f3n es conseguir que los trasplantes capilares realizados en Turqu\u00eda alcancen el prestigio que se merecen en todo el mundo y mostrar a las personas que desean realizarse un trasplante capilar la verdad tal como es.<\/p>\n\n\n\n<h3 class=\"wp-block-heading\">Miembros Internacionales<\/h3>\n\n\n\n<p>El Dr. Hakan Do\u011fanay se encuentra entre los m\u00e9dicos recomendados por numerosas asociaciones de trasplante capilar y foros internacionales. Debido a esto, recibimos solicitudes para trasplantes capilares en nuestra cl\u00ednica desde todas partes del mundo. A continuaci\u00f3n, se presentan los enlaces de algunas de estas organizaciones:<\/p>\n\n\n\n<div class=\"wp-block-essential-blocks-row alignfull  root-eb-row-wtah7\"><div class=\"eb-parent-wrapper eb-parent-eb-row-wtah7 \"><div class=\"eb-row-root-container eb-row-wtah7\" data-id=\"eb-row-wtah7\"><div class=\"eb-row-wrapper\"><div class=\"eb-row-inner\">\n<div class=\"wp-block-essential-blocks-column  root-eb-column-6kjip\"><div class=\"eb-parent-wrapper eb-parent-eb-column-6kjip \"><div class=\"eb-column-wrapper eb-column-6kjip\"><div class=\"eb-column-inner\">\n<div class=\"wp-block-essential-blocks-advanced-image  root-eb-advanced-image-bflx7\"><div class=\"eb-parent-wrapper eb-parent-eb-advanced-image-bflx7 \"><figure class=\"eb-advanced-image-wrapper eb-advanced-image-bflx7 no-effect\" data-id=\"eb-advanced-image-bflx7\"><div class=\"eb-image-wrapper\"><div class=\"eb-image-wrapper-inner eb-img-style-rounded\"><img decoding=\"async\" src=\"https:\/\/www.ahdclinic.com\/wp-content\/uploads\/2025\/10\/ahla-american-hair-loss-.webp\" alt=\"\"\/><\/div><a class=\"eb-image-link\" href=\"https:\/\/www.americanhairloss.org\/hair-transplant-surgeons\/hakan-doganay\/\" target=\"_blank\" rel=\"noopener\"><\/a><\/div><\/figure><\/div><\/div>\n<\/div><\/div><\/div><\/div>\n\n\n\n<div class=\"wp-block-essential-blocks-column  root-eb-column-mkw7j\"><div class=\"eb-parent-wrapper eb-parent-eb-column-mkw7j \"><div class=\"eb-column-wrapper eb-column-mkw7j\"><div class=\"eb-column-inner\">\n<div class=\"wp-block-essential-blocks-advanced-image  root-eb-advanced-image-6mr87\"><div class=\"eb-parent-wrapper eb-parent-eb-advanced-image-6mr87 \"><figure class=\"eb-advanced-image-wrapper eb-advanced-image-6mr87 no-effect\" data-id=\"eb-advanced-image-6mr87\"><div class=\"eb-image-wrapper\"><div class=\"eb-image-wrapper-inner eb-img-style-rounded\"><img decoding=\"async\" src=\"https:\/\/www.ahdclinic.com\/wp-content\/uploads\/2025\/03\/iahrs.jpeg\" alt=\"\"\/><\/div><a class=\"eb-image-link\" href=\"https:\/\/www.iahrs.org\/hair-transplant\/hakan-doganay\" target=\"_blank\" rel=\"noopener\"><\/a><\/div><\/figure><\/div><\/div>\n<\/div><\/div><\/div><\/div>\n\n\n\n<div class=\"wp-block-essential-blocks-column  root-eb-column-nvpgw\"><div class=\"eb-parent-wrapper eb-parent-eb-column-nvpgw \"><div class=\"eb-column-wrapper eb-column-nvpgw\"><div class=\"eb-column-inner\">\n<div class=\"wp-block-essential-blocks-advanced-image  root-eb-advanced-image-xke6j\"><div class=\"eb-parent-wrapper eb-parent-eb-advanced-image-xke6j \"><figure class=\"eb-advanced-image-wrapper eb-advanced-image-xke6j no-effect\" data-id=\"eb-advanced-image-xke6j\"><div class=\"eb-image-wrapper\"><div class=\"eb-image-wrapper-inner eb-img-style-rounded\"><img decoding=\"async\" src=\"https:\/\/www.ahdclinic.com\/wp-content\/uploads\/2025\/03\/hairsite.gif\" alt=\"hairsite\"\/><\/div><a class=\"eb-image-link\" href=\"https:\/\/hairsite.com\/doctor\/antalya-turkey\/ahd-hair-transplant-reviews-antalya-turkey\/\" target=\"_blank\" rel=\"noopener\"><\/a><\/div><\/figure><\/div><\/div>\n<\/div><\/div><\/div><\/div>\n\n\n\n<div class=\"wp-block-essential-blocks-column  root-eb-column-g8tzd\"><div class=\"eb-parent-wrapper eb-parent-eb-column-g8tzd \"><div class=\"eb-column-wrapper eb-column-g8tzd\"><div class=\"eb-column-inner\">\n<div class=\"wp-block-essential-blocks-advanced-image  root-eb-advanced-image-8vxuw\"><div class=\"eb-parent-wrapper eb-parent-eb-advanced-image-8vxuw \"><figure class=\"eb-advanced-image-wrapper eb-advanced-image-8vxuw no-effect\" data-id=\"eb-advanced-image-8vxuw\"><div class=\"eb-image-wrapper\"><div class=\"eb-image-wrapper-inner eb-img-style-rounded\"><img decoding=\"async\" src=\"https:\/\/www.ahdclinic.com\/wp-content\/uploads\/2025\/02\/hairloss.webp\" alt=\"\"\/><\/div><a class=\"eb-image-link\" href=\"https:\/\/www.hairlossexperiences.com\/forums\/dr-hakan-doganay.36\/\" target=\"_blank\" rel=\"noopener\"><\/a><\/div><\/figure><\/div><\/div>\n<\/div><\/div><\/div><\/div>\n\n\n\n<div class=\"wp-block-essential-blocks-column  root-eb-column-n1ie0\"><div class=\"eb-parent-wrapper eb-parent-eb-column-n1ie0 \"><div class=\"eb-column-wrapper eb-column-n1ie0\"><div class=\"eb-column-inner\">\n<div class=\"wp-block-essential-blocks-advanced-image  root-eb-advanced-image-kzzdw\"><div class=\"eb-parent-wrapper eb-parent-eb-advanced-image-kzzdw \"><figure class=\"eb-advanced-image-wrapper eb-advanced-image-kzzdw no-effect\" data-id=\"eb-advanced-image-kzzdw\"><div class=\"eb-image-wrapper\"><div class=\"eb-image-wrapper-inner eb-img-style-rounded\"><img decoding=\"async\" src=\"https:\/\/www.ahdclinic.com\/wp-content\/uploads\/2025\/02\/international.webp\" alt=\"\"\/><\/div><a class=\"eb-image-link\" href=\"https:\/\/www.international-hairlossforum.com\/viewforum.php?f=90&amp;sid=d3be920c12e5bf7e7642dd88eb83c095\" target=\"_blank\" rel=\"noopener\"><\/a><\/div><\/figure><\/div><\/div>\n<\/div><\/div><\/div><\/div>\n\n\n\n<div class=\"wp-block-essential-blocks-column  root-eb-column-6pylo\"><div class=\"eb-parent-wrapper eb-parent-eb-column-6pylo \"><div class=\"eb-column-wrapper eb-column-6pylo\"><div class=\"eb-column-inner\">\n<div class=\"wp-block-essential-blocks-advanced-image  root-eb-advanced-image-gv3da\"><div class=\"eb-parent-wrapper eb-parent-eb-advanced-image-gv3da \"><figure class=\"eb-advanced-image-wrapper eb-advanced-image-gv3da no-effect\" data-id=\"eb-advanced-image-gv3da\"><div class=\"eb-image-wrapper\"><div class=\"eb-image-wrapper-inner eb-img-style-rounded\"><img decoding=\"async\" src=\"https:\/\/www.ahdclinic.com\/wp-content\/uploads\/2025\/10\/best-hair-transplnt-doctors-2.webp\" alt=\"\"\/><\/div><a class=\"eb-image-link\" href=\"https:\/\/www.apetogentleman.com\/worlds-best-hair-transplant-doctors\/\" target=\"_blank\" rel=\"noopener\"><\/a><\/div><\/figure><\/div><\/div>\n<\/div><\/div><\/div><\/div>\n<\/div><\/div><\/div><\/div><\/div>\n","protected":false},"excerpt":{"rendered":"<p>El Dr. Hakan Do\u011fanay, que ocupa un lugar prestigioso tanto en Turqu\u00eda como en el mundo, es tambi\u00e9n miembro de numerosas organizaciones internacionales de cirug\u00eda capilar. Fundador de la cl\u00ednica AHD, el Dr. Do\u011fanay contin\u00faa su trabajo en su propia cl\u00ednica en Antalya. Curr\u00edculum Vitae del Dr. Hakan Do\u011fanay El Dr. Do\u011fanay naci\u00f3 en 1969 [&hellip;]<\/p>\n","protected":false},"author":2,"featured_media":0,"parent":0,"menu_order":0,"comment_status":"closed","ping_status":"closed","template":"","meta":{"_eb_attr":"","_eb_data_table":"","footnotes":""},"class_list":["post-21308","page","type-page","status-publish","hentry"],"_links":{"self":[{"href":"https:\/\/www.ahdclinic.com\/es\/wp-json\/wp\/v2\/pages\/21308","targetHints":{"allow":["GET"]}}],"collection":[{"href":"https:\/\/www.ahdclinic.com\/es\/wp-json\/wp\/v2\/pages"}],"about":[{"href":"https:\/\/www.ahdclinic.com\/es\/wp-json\/wp\/v2\/types\/page"}],"author":[{"embeddable":true,"href":"https:\/\/www.ahdclinic.com\/es\/wp-json\/wp\/v2\/users\/2"}],"replies":[{"embeddable":true,"href":"https:\/\/www.ahdclinic.com\/es\/wp-json\/wp\/v2\/comments?post=21308"}],"version-history":[{"count":7,"href":"https:\/\/www.ahdclinic.com\/es\/wp-json\/wp\/v2\/pages\/21308\/revisions"}],"predecessor-version":[{"id":21319,"href":"https:\/\/www.ahdclinic.com\/es\/wp-json\/wp\/v2\/pages\/21308\/revisions\/21319"}],"wp:attachment":[{"href":"https:\/\/www.ahdclinic.com\/es\/wp-json\/wp\/v2\/media?parent=21308"}],"curies":[{"name":"wp","href":"https:\/\/api.w.org\/{rel}","templated":true}]}}