{"id":21338,"date":"2025-04-06T17:07:02","date_gmt":"2025-04-06T14:07:02","guid":{"rendered":"https:\/\/www.ahdclinic.com\/?page_id=21338"},"modified":"2025-10-16T01:00:54","modified_gmt":"2025-10-15T22:00:54","slug":"dr-hakan-doganay","status":"publish","type":"page","link":"https:\/\/www.ahdclinic.com\/de\/dr-hakan-doganay\/","title":{"rendered":"Dr. Hakan Do\u011fanay"},"content":{"rendered":"\n<p>Dr. Hakan Do\u011fanay, der sowohl in der T\u00fcrkei als auch weltweit einen angesehenen Platz einnimmt, ist auch Mitglied zahlreicher internationaler Haarchirurgie-Organisationen. Dr. Do\u011fanay, der Gr\u00fcnder der AHD-Klinik, setzt seine Arbeiten in seiner eigenen Klinik in Antalya fort.<\/p>\n\n\n\n<div id=\"ez-toc-container\" class=\"ez-toc-v2_0_82_1 counter-hierarchy ez-toc-counter ez-toc-grey ez-toc-container-direction\">\n<div class=\"ez-toc-title-container\">\n<p class=\"ez-toc-title\" style=\"cursor:inherit\">Table of Contents<\/p>\n<span class=\"ez-toc-title-toggle\"><a href=\"#\" class=\"ez-toc-pull-right ez-toc-btn ez-toc-btn-xs ez-toc-btn-default ez-toc-toggle\" aria-label=\"Toggle Table of Content\"><span class=\"ez-toc-js-icon-con\"><span class=\"\"><span class=\"eztoc-hide\" style=\"display:none;\">Toggle<\/span><span class=\"ez-toc-icon-toggle-span\"><svg style=\"fill: #999;color:#999\" xmlns=\"http:\/\/www.w3.org\/2000\/svg\" class=\"list-377408\" width=\"20px\" height=\"20px\" viewBox=\"0 0 24 24\" fill=\"none\"><path d=\"M6 6H4v2h2V6zm14 0H8v2h12V6zM4 11h2v2H4v-2zm16 0H8v2h12v-2zM4 16h2v2H4v-2zm16 0H8v2h12v-2z\" fill=\"currentColor\"><\/path><\/svg><svg style=\"fill: #999;color:#999\" class=\"arrow-unsorted-368013\" xmlns=\"http:\/\/www.w3.org\/2000\/svg\" width=\"10px\" height=\"10px\" viewBox=\"0 0 24 24\" version=\"1.2\" baseProfile=\"tiny\"><path d=\"M18.2 9.3l-6.2-6.3-6.2 6.3c-.2.2-.3.4-.3.7s.1.5.3.7c.2.2.4.3.7.3h11c.3 0 .5-.1.7-.3.2-.2.3-.5.3-.7s-.1-.5-.3-.7zM5.8 14.7l6.2 6.3 6.2-6.3c.2-.2.3-.5.3-.7s-.1-.5-.3-.7c-.2-.2-.4-.3-.7-.3h-11c-.3 0-.5.1-.7.3-.2.2-.3.5-.3.7s.1.5.3.7z\"\/><\/svg><\/span><\/span><\/span><\/a><\/span><\/div>\n<nav><ul class='ez-toc-list ez-toc-list-level-1 eztoc-toggle-hide-by-default' ><li class='ez-toc-page-1 ez-toc-heading-level-2'><a class=\"ez-toc-link ez-toc-heading-1\" href=\"https:\/\/www.ahdclinic.com\/de\/dr-hakan-doganay\/#Der_Lebenslauf_von_Dr_Hakan_Doganay\" >Der Lebenslauf von Dr. Hakan Do\u011fanay<\/a><\/li><li class='ez-toc-page-1 ez-toc-heading-level-2'><a class=\"ez-toc-link ez-toc-heading-2\" href=\"https:\/\/www.ahdclinic.com\/de\/dr-hakan-doganay\/#Dr_Doganays_Haartransplantations-Vergangenheit\" >Dr. Do\u011fanays Haartransplantations-Vergangenheit<\/a><\/li><\/ul><\/nav><\/div>\n<h2 class=\"wp-block-heading\"><span class=\"ez-toc-section\" id=\"Der_Lebenslauf_von_Dr_Hakan_Doganay\"><\/span>Der Lebenslauf von Dr. Hakan Do\u011fanay<span class=\"ez-toc-section-end\"><\/span><\/h2>\n\n\n\n<p>Dr. Do\u011fanay wurde 1969 in Istanbul geboren. Er beendete seine Grundschul-, Mittelschul- und Gymnasialausbildung in der Stadt Konya. Im Jahr 1986 trat er in die medizinische Fakult\u00e4t der Sel\u00e7uk Universit\u00e4t in Konya ein und schloss sein Studium 1993 als Arzt ab.<\/p>\n\n\n\n<ul class=\"wp-block-list\">\n<li>Zwischen 1993 und 2009 setzte er\/sie seinen\/ihren Arztberuf in verschiedenen Regionen der T\u00fcrkei fort.<\/li>\n\n\n\n<li>Zwischen 1993 und 1995 absolvierte er\/sie seinen\/ihren Pflichtdienst in der Provinz Ni\u011fde.<\/li>\n\n\n\n<li>Von 1996 bis 2000 arbeitete er\/sie als Arzt in einer Gesundheitsstation im Landkreis G\u00fcndo\u011fmu\u015f der Provinz Antalya.<\/li>\n\n\n\n<li>In den Jahren 2000-2004 war er\/sie als Regionaloberarzt des Generaldirektorats f\u00fcr Grenz- und K\u00fcstengesundheit des Gesundheitsministeriums in Antalya t\u00e4tig.<\/li>\n\n\n\n<li>Zwischen 2004 und 2009 setzte er\/sie seinen\/ihren Arztdienst in der Antalya Serik Staatsklinik als Notarzt fort.<\/li>\n<\/ul>\n\n\n\n<p>Dr. Hakan Do\u011fanay ist verheiratet und Vater eines Sohnes.<\/p>\n\n\n\n<h2 class=\"wp-block-heading\"><span class=\"ez-toc-section\" id=\"Dr_Doganays_Haartransplantations-Vergangenheit\"><\/span>Dr. Do\u011fanays Haartransplantations-Vergangenheit<span class=\"ez-toc-section-end\"><\/span><\/h2>\n\n\n\n<p>Dr. Hakan Do\u011fanay gr\u00fcndete im Jahr 2003 das AHD Haartransplantationszentrum. Im Jahr 2004 nahm er an den vom Gesundheitsministerium angebotenen Kursen teil, erwarb das Zertifikat f\u00fcr \u00c4sthetische Medizin und verlieh den Haartransplantationen einen neuen Schwung. Um mehr Zeit f\u00fcr Haartransplantationen aufwenden zu k\u00f6nnen, schied er 2009 aus dem staatlichen Dienst aus und f\u00fchrt bis heute in Vollzeit Haartransplantationen durch.<\/p>\n\n\n\n<p>Dr. Hakan Do\u011fanay trat im Jahr 2003 mit der FUT-Methode in die Haartransplantation ein. Seit 2005 f\u00fchrt er Haartransplantationen mit der moderneren FUE-Technik durch.<\/p>\n\n\n\n<p>Dr. Do\u011fanay hat bereits ab dem Jahr 2010 die DHI-Haartransplantationstechnik angewandt, die zu jener Zeit in der T\u00fcrkei noch kaum bekannt war. Das bedeutet: Dr. Hakan Do\u011fanay ist der Pionier der DHI-Haartransplantation, die auch als Implanter-Pen-Technik bekannt ist, in der T\u00fcrkei. Wenn Sie im Suchbereich von YouTube &#8222;dhi sa\u00e7 ekimi before:2011&#8220; eingeben, werden Sie nur die Videos von Dr. Do\u011fanay aus jenen Jahren sehen, die die Haartransplantation mit der Stift-Methode zeigen. Wenn Sie sich die Ver\u00f6ffentlichungsdaten der YouTube-Videos ansehen, k\u00f6nnen Sie DHI-Videos von anderen Kliniken erst nach 2017 finden.<\/p>\n\n\n\n<p>Dr. Do\u011fanay wendet bei Haartransplantationen im Empf\u00e4ngerbereich momentan ausschlie\u00dflich die DHI-Technik zur Transplantation der Grafts an. Denn er hat festgestellt, dass bei dieser Technik die Zufriedenheitsrate der Patienten h\u00f6her ist.<\/p>\n\n\n\n<p>In der AHD-Klinik durchgef\u00fchrte Verfahren;<\/p>\n\n\n\n<ul class=\"wp-block-list\">\n<li>Haartransplantation bei Frauen und M\u00e4nnern mit rasiertem und nicht rasiertem Haar<\/li>\n\n\n\n<li>Bart- und Schnurrbarttransplantation<\/li>\n\n\n\n<li>Haartransplantation mit K\u00f6rperbehaarung wie Bart und Brusthaaren<\/li>\n\n\n\n<li>Augenbrauentransplantation<\/li>\n\n\n\n<li>Seit Jahren werden auch Korrekturen von fehlerhaften und gescheiterten Haartransplantationen, die in anderen Kliniken durchgef\u00fchrt wurden, durchgef\u00fchrt.<\/li>\n<\/ul>\n\n\n\n<p>Zudem ist er einer der Gr\u00fcndungsmitglieder der T\u00fcrkischen Vereinigung der Haartransplantations\u00e4rzte, zusammen mit einer Reihe von Kollegen, die sich in der T\u00fcrkei der Haartransplantation verschrieben haben. Das Ziel dieses Vereins ist es, Haartransplantationen aus der T\u00fcrkei zu der angemessenen Anerkennung weltweit zu verhelfen und Menschen, die eine Haartransplantation in Erw\u00e4gung ziehen, umfassend und wahrheitsgem\u00e4\u00df zu informieren.<\/p>\n\n\n\n<h3 class=\"wp-block-heading\">Internationale Mitgliedschaften<\/h3>\n\n\n\n<p>Dr. Hakan Do\u011fanay geh\u00f6rt international zu den empfohlenen \u00c4rzten zahlreicher Haartransplantations-Gesellschaften und Forum-Websites. Aus diesem Grund erreichen uns Anfragen zur Haartransplantation aus der ganzen Welt. Im Folgenden finden Sie Links zu einigen dieser Gremien.<\/p>\n\n\n\n<div class=\"wp-block-essential-blocks-row alignfull  root-eb-row-wtah7\"><div class=\"eb-parent-wrapper eb-parent-eb-row-wtah7 \"><div class=\"eb-row-root-container eb-row-wtah7\" data-id=\"eb-row-wtah7\"><div class=\"eb-row-wrapper\"><div class=\"eb-row-inner\">\n<div class=\"wp-block-essential-blocks-column  root-eb-column-6kjip\"><div class=\"eb-parent-wrapper eb-parent-eb-column-6kjip \"><div class=\"eb-column-wrapper eb-column-6kjip\"><div class=\"eb-column-inner\">\n<div class=\"wp-block-essential-blocks-advanced-image  root-eb-advanced-image-bflx7\"><div class=\"eb-parent-wrapper eb-parent-eb-advanced-image-bflx7 \"><figure class=\"eb-advanced-image-wrapper eb-advanced-image-bflx7 no-effect\" data-id=\"eb-advanced-image-bflx7\"><div class=\"eb-image-wrapper\"><div class=\"eb-image-wrapper-inner eb-img-style-rounded\"><img decoding=\"async\" src=\"https:\/\/www.ahdclinic.com\/wp-content\/uploads\/2025\/10\/ahla-american-hair-loss-.webp\" alt=\"\"\/><\/div><a class=\"eb-image-link\" href=\"https:\/\/www.americanhairloss.org\/hair-transplant-surgeons\/hakan-doganay\/\" target=\"_blank\" rel=\"noopener\"><\/a><\/div><\/figure><\/div><\/div>\n<\/div><\/div><\/div><\/div>\n\n\n\n<div class=\"wp-block-essential-blocks-column  root-eb-column-mkw7j\"><div class=\"eb-parent-wrapper eb-parent-eb-column-mkw7j \"><div class=\"eb-column-wrapper eb-column-mkw7j\"><div class=\"eb-column-inner\">\n<div class=\"wp-block-essential-blocks-advanced-image  root-eb-advanced-image-6mr87\"><div class=\"eb-parent-wrapper eb-parent-eb-advanced-image-6mr87 \"><figure class=\"eb-advanced-image-wrapper eb-advanced-image-6mr87 no-effect\" data-id=\"eb-advanced-image-6mr87\"><div class=\"eb-image-wrapper\"><div class=\"eb-image-wrapper-inner eb-img-style-rounded\"><img decoding=\"async\" src=\"https:\/\/www.ahdclinic.com\/wp-content\/uploads\/2025\/03\/iahrs.jpeg\" alt=\"\"\/><\/div><a class=\"eb-image-link\" href=\"https:\/\/www.iahrs.org\/hair-transplant\/hakan-doganay\" target=\"_blank\" rel=\"noopener\"><\/a><\/div><\/figure><\/div><\/div>\n<\/div><\/div><\/div><\/div>\n\n\n\n<div class=\"wp-block-essential-blocks-column  root-eb-column-nvpgw\"><div class=\"eb-parent-wrapper eb-parent-eb-column-nvpgw \"><div class=\"eb-column-wrapper eb-column-nvpgw\"><div class=\"eb-column-inner\">\n<div class=\"wp-block-essential-blocks-advanced-image  root-eb-advanced-image-xke6j\"><div class=\"eb-parent-wrapper eb-parent-eb-advanced-image-xke6j \"><figure class=\"eb-advanced-image-wrapper eb-advanced-image-xke6j no-effect\" data-id=\"eb-advanced-image-xke6j\"><div class=\"eb-image-wrapper\"><div class=\"eb-image-wrapper-inner eb-img-style-rounded\"><img decoding=\"async\" src=\"https:\/\/www.ahdclinic.com\/wp-content\/uploads\/2025\/03\/hairsite.gif\" alt=\"hairsite\"\/><\/div><a class=\"eb-image-link\" href=\"https:\/\/hairsite.com\/doctor\/antalya-turkey\/ahd-hair-transplant-reviews-antalya-turkey\/\" target=\"_blank\" rel=\"noopener\"><\/a><\/div><\/figure><\/div><\/div>\n<\/div><\/div><\/div><\/div>\n\n\n\n<div class=\"wp-block-essential-blocks-column  root-eb-column-g8tzd\"><div class=\"eb-parent-wrapper eb-parent-eb-column-g8tzd \"><div class=\"eb-column-wrapper eb-column-g8tzd\"><div class=\"eb-column-inner\">\n<div class=\"wp-block-essential-blocks-advanced-image  root-eb-advanced-image-8vxuw\"><div class=\"eb-parent-wrapper eb-parent-eb-advanced-image-8vxuw \"><figure class=\"eb-advanced-image-wrapper eb-advanced-image-8vxuw no-effect\" data-id=\"eb-advanced-image-8vxuw\"><div class=\"eb-image-wrapper\"><div class=\"eb-image-wrapper-inner eb-img-style-rounded\"><img decoding=\"async\" src=\"https:\/\/www.ahdclinic.com\/wp-content\/uploads\/2025\/02\/hairloss.webp\" alt=\"\"\/><\/div><a class=\"eb-image-link\" href=\"https:\/\/www.hairlossexperiences.com\/forums\/dr-hakan-doganay.36\/\" target=\"_blank\" rel=\"noopener\"><\/a><\/div><\/figure><\/div><\/div>\n<\/div><\/div><\/div><\/div>\n\n\n\n<div class=\"wp-block-essential-blocks-column  root-eb-column-n1ie0\"><div class=\"eb-parent-wrapper eb-parent-eb-column-n1ie0 \"><div class=\"eb-column-wrapper eb-column-n1ie0\"><div class=\"eb-column-inner\">\n<div class=\"wp-block-essential-blocks-advanced-image  root-eb-advanced-image-kzzdw\"><div class=\"eb-parent-wrapper eb-parent-eb-advanced-image-kzzdw \"><figure class=\"eb-advanced-image-wrapper eb-advanced-image-kzzdw no-effect\" data-id=\"eb-advanced-image-kzzdw\"><div class=\"eb-image-wrapper\"><div class=\"eb-image-wrapper-inner eb-img-style-rounded\"><img decoding=\"async\" src=\"https:\/\/www.ahdclinic.com\/wp-content\/uploads\/2025\/02\/international.webp\" alt=\"\"\/><\/div><a class=\"eb-image-link\" href=\"https:\/\/www.international-hairlossforum.com\/viewforum.php?f=90&amp;sid=d3be920c12e5bf7e7642dd88eb83c095\" target=\"_blank\" rel=\"noopener\"><\/a><\/div><\/figure><\/div><\/div>\n<\/div><\/div><\/div><\/div>\n\n\n\n<div class=\"wp-block-essential-blocks-column  root-eb-column-6pylo\"><div class=\"eb-parent-wrapper eb-parent-eb-column-6pylo \"><div class=\"eb-column-wrapper eb-column-6pylo\"><div class=\"eb-column-inner\">\n<div class=\"wp-block-essential-blocks-advanced-image  root-eb-advanced-image-gv3da\"><div class=\"eb-parent-wrapper eb-parent-eb-advanced-image-gv3da \"><figure class=\"eb-advanced-image-wrapper eb-advanced-image-gv3da no-effect\" data-id=\"eb-advanced-image-gv3da\"><div class=\"eb-image-wrapper\"><div class=\"eb-image-wrapper-inner eb-img-style-rounded\"><img decoding=\"async\" src=\"https:\/\/www.ahdclinic.com\/wp-content\/uploads\/2025\/10\/best-hair-transplnt-doctors-.webp\" alt=\"\"\/><\/div><a class=\"eb-image-link\" href=\"https:\/\/www.apetogentleman.com\/worlds-best-hair-transplant-doctors\/\" target=\"_blank\" rel=\"noopener\"><\/a><\/div><\/figure><\/div><\/div>\n<\/div><\/div><\/div><\/div>\n<\/div><\/div><\/div><\/div><\/div>\n","protected":false},"excerpt":{"rendered":"<p>Dr. Hakan Do\u011fanay, der sowohl in der T\u00fcrkei als auch weltweit einen angesehenen Platz einnimmt, ist auch Mitglied zahlreicher internationaler Haarchirurgie-Organisationen. Dr. Do\u011fanay, der Gr\u00fcnder der AHD-Klinik, setzt seine Arbeiten in seiner eigenen Klinik in Antalya fort. Der Lebenslauf von Dr. Hakan Do\u011fanay Dr. Do\u011fanay wurde 1969 in Istanbul geboren. Er beendete seine Grundschul-, Mittelschul- [&hellip;]<\/p>\n","protected":false},"author":2,"featured_media":0,"parent":0,"menu_order":0,"comment_status":"closed","ping_status":"closed","template":"","meta":{"_eb_attr":"","_eb_data_table":"","footnotes":""},"class_list":["post-21338","page","type-page","status-publish","hentry"],"_links":{"self":[{"href":"https:\/\/www.ahdclinic.com\/de\/wp-json\/wp\/v2\/pages\/21338","targetHints":{"allow":["GET"]}}],"collection":[{"href":"https:\/\/www.ahdclinic.com\/de\/wp-json\/wp\/v2\/pages"}],"about":[{"href":"https:\/\/www.ahdclinic.com\/de\/wp-json\/wp\/v2\/types\/page"}],"author":[{"embeddable":true,"href":"https:\/\/www.ahdclinic.com\/de\/wp-json\/wp\/v2\/users\/2"}],"replies":[{"embeddable":true,"href":"https:\/\/www.ahdclinic.com\/de\/wp-json\/wp\/v2\/comments?post=21338"}],"version-history":[{"count":5,"href":"https:\/\/www.ahdclinic.com\/de\/wp-json\/wp\/v2\/pages\/21338\/revisions"}],"predecessor-version":[{"id":21345,"href":"https:\/\/www.ahdclinic.com\/de\/wp-json\/wp\/v2\/pages\/21338\/revisions\/21345"}],"wp:attachment":[{"href":"https:\/\/www.ahdclinic.com\/de\/wp-json\/wp\/v2\/media?parent=21338"}],"curies":[{"name":"wp","href":"https:\/\/api.w.org\/{rel}","templated":true}]}}