{"id":21352,"date":"2025-04-06T17:07:02","date_gmt":"2025-04-06T14:07:02","guid":{"rendered":"https:\/\/www.ahdclinic.com\/?page_id=21352"},"modified":"2025-10-16T01:34:52","modified_gmt":"2025-10-15T22:34:52","slug":"%d8%a7%d9%84%d8%af%d9%83%d8%aa%d9%88%d8%b1-%d9%87%d8%a7%d9%83%d8%a7%d9%86-%d8%af%d9%88%d8%ba%d8%a7%d9%86%d8%a7%d9%8a","status":"publish","type":"page","link":"https:\/\/www.ahdclinic.com\/ar\/%d8%a7%d9%84%d8%af%d9%83%d8%aa%d9%88%d8%b1-%d9%87%d8%a7%d9%83%d8%a7%d9%86-%d8%af%d9%88%d8%ba%d8%a7%d9%86%d8%a7%d9%8a\/","title":{"rendered":"\u0627\u0644\u062f\u0643\u062a\u0648\u0631 \u0647\u0627\u0643\u0627\u0646 \u062f\u0648\u063a\u0627\u0646\u0627\u064a"},"content":{"rendered":"\n<p>\u0627\u0644\u062f\u0643\u062a\u0648\u0631 \u0647\u0643\u0627\u0646 \u062f\u0648\u063a\u0627\u0646\u0627\u064a \u0627\u0644\u0630\u064a \u064a\u062d\u0638\u0649 \u0628\u0645\u0643\u0627\u0646\u0629 \u0645\u0631\u0645\u0648\u0642\u0629 \u0641\u064a \u062a\u0631\u0643\u064a\u0627 \u0648\u0627\u0644\u0639\u0627\u0644\u0645 \u0647\u0648 \u0639\u0636\u0648 \u0641\u064a \u0627\u0644\u0639\u062f\u064a\u062f \u0645\u0646 \u0627\u0644\u0645\u0624\u0633\u0633\u0627\u062a \u0627\u0644\u062f\u0648\u0644\u064a\u0629 \u0644\u062c\u0631\u0627\u062d\u0629 \u0627\u0644\u0634\u0639\u0631. \u0627\u0644\u062f\u0643\u062a\u0648\u0631 \u062f\u0648\u063a\u0627\u0646\u0627\u064a \u0645\u0624\u0633\u0633 \u0639\u064a\u0627\u062f\u0629 \u0623\u064a\u0647 \u0625\u062a\u0634 \u062f\u064a \u064a\u0648\u0627\u0635\u0644 \u0623\u0628\u062d\u0627\u062b\u0647 \u0641\u064a \u0639\u064a\u0627\u062f\u062a\u0647 \u0627\u0644\u062e\u0627\u0635\u0629 \u0641\u064a \u0623\u0646\u0637\u0627\u0644\u064a\u0627.<\/p>\n\n\n\n<div id=\"ez-toc-container\" class=\"ez-toc-v2_0_82_1 counter-hierarchy ez-toc-counter ez-toc-grey ez-toc-container-direction\">\n<div class=\"ez-toc-title-container\">\n<p class=\"ez-toc-title\" style=\"cursor:inherit\">Table of Contents<\/p>\n<span class=\"ez-toc-title-toggle\"><a href=\"#\" class=\"ez-toc-pull-right ez-toc-btn ez-toc-btn-xs ez-toc-btn-default ez-toc-toggle\" aria-label=\"Toggle Table of Content\"><span class=\"ez-toc-js-icon-con\"><span class=\"\"><span class=\"eztoc-hide\" style=\"display:none;\">Toggle<\/span><span class=\"ez-toc-icon-toggle-span\"><svg style=\"fill: #999;color:#999\" xmlns=\"http:\/\/www.w3.org\/2000\/svg\" class=\"list-377408\" width=\"20px\" height=\"20px\" viewBox=\"0 0 24 24\" fill=\"none\"><path d=\"M6 6H4v2h2V6zm14 0H8v2h12V6zM4 11h2v2H4v-2zm16 0H8v2h12v-2zM4 16h2v2H4v-2zm16 0H8v2h12v-2z\" fill=\"currentColor\"><\/path><\/svg><svg style=\"fill: #999;color:#999\" class=\"arrow-unsorted-368013\" xmlns=\"http:\/\/www.w3.org\/2000\/svg\" width=\"10px\" height=\"10px\" viewBox=\"0 0 24 24\" version=\"1.2\" baseProfile=\"tiny\"><path d=\"M18.2 9.3l-6.2-6.3-6.2 6.3c-.2.2-.3.4-.3.7s.1.5.3.7c.2.2.4.3.7.3h11c.3 0 .5-.1.7-.3.2-.2.3-.5.3-.7s-.1-.5-.3-.7zM5.8 14.7l6.2 6.3 6.2-6.3c.2-.2.3-.5.3-.7s-.1-.5-.3-.7c-.2-.2-.4-.3-.7-.3h-11c-.3 0-.5.1-.7.3-.2.2-.3.5-.3.7s.1.5.3.7z\"\/><\/svg><\/span><\/span><\/span><\/a><\/span><\/div>\n<nav><ul class='ez-toc-list ez-toc-list-level-1 eztoc-toggle-hide-by-default' ><li class='ez-toc-page-1 ez-toc-heading-level-2'><a class=\"ez-toc-link ez-toc-heading-1\" href=\"https:\/\/www.ahdclinic.com\/ar\/%d8%a7%d9%84%d8%af%d9%83%d8%aa%d9%88%d8%b1-%d9%87%d8%a7%d9%83%d8%a7%d9%86-%d8%af%d9%88%d8%ba%d8%a7%d9%86%d8%a7%d9%8a\/#%D8%B3%D9%8A%D8%B1%D8%A9_%D8%A7%D9%84%D8%AF%D9%83%D8%AA%D9%88%D8%B1_%D9%87%D9%83%D8%A7%D9%86_%D8%AF%D9%88%D8%BA%D8%A7%D9%86%D8%A7%D9%8A_%D8%A7%D9%84%D8%B0%D8%A7%D8%AA%D9%8A%D8%A9\" >\u0633\u064a\u0631\u0629 \u0627\u0644\u062f\u0643\u062a\u0648\u0631 \u0647\u0643\u0627\u0646 \u062f\u0648\u063a\u0627\u0646\u0627\u064a \u0627\u0644\u0630\u0627\u062a\u064a\u0629<\/a><\/li><li class='ez-toc-page-1 ez-toc-heading-level-2'><a class=\"ez-toc-link ez-toc-heading-2\" href=\"https:\/\/www.ahdclinic.com\/ar\/%d8%a7%d9%84%d8%af%d9%83%d8%aa%d9%88%d8%b1-%d9%87%d8%a7%d9%83%d8%a7%d9%86-%d8%af%d9%88%d8%ba%d8%a7%d9%86%d8%a7%d9%8a\/#%D8%AA%D8%A7%D8%B1%D9%8A%D8%AE_%D8%B2%D8%B1%D8%A7%D8%B9%D8%A9_%D8%A7%D9%84%D8%B4%D8%B9%D8%B1_%D9%84%D9%84%D8%AF%D9%83%D8%AA%D9%88%D8%B1_%D8%AF%D9%88%D8%BA%D8%A7%D9%86%D8%A7%D9%8A\" >\u062a\u0627\u0631\u064a\u062e \u0632\u0631\u0627\u0639\u0629 \u0627\u0644\u0634\u0639\u0631 \u0644\u0644\u062f\u0643\u062a\u0648\u0631 \u062f\u0648\u063a\u0627\u0646\u0627\u064a<\/a><\/li><\/ul><\/nav><\/div>\n<h2 class=\"wp-block-heading\"><span class=\"ez-toc-section\" id=\"%D8%B3%D9%8A%D8%B1%D8%A9_%D8%A7%D9%84%D8%AF%D9%83%D8%AA%D9%88%D8%B1_%D9%87%D9%83%D8%A7%D9%86_%D8%AF%D9%88%D8%BA%D8%A7%D9%86%D8%A7%D9%8A_%D8%A7%D9%84%D8%B0%D8%A7%D8%AA%D9%8A%D8%A9\"><\/span>\u0633\u064a\u0631\u0629 \u0627\u0644\u062f\u0643\u062a\u0648\u0631 \u0647\u0643\u0627\u0646 \u062f\u0648\u063a\u0627\u0646\u0627\u064a \u0627\u0644\u0630\u0627\u062a\u064a\u0629<span class=\"ez-toc-section-end\"><\/span><\/h2>\n\n\n\n<p>\u0627\u0644\u062f\u0643\u062a\u0648\u0631 \u062f\u0648\u063a\u0627\u0646\u0627\u064a \u0648\u0644\u062f \u0641\u064a \u0639\u0627\u0645 \u0661\u0669\u0666\u0669 \u0641\u064a \u0627\u0633\u0637\u0646\u0628\u0648\u0644. \u0623\u0646\u0647\u0649 \u062a\u0639\u0644\u064a\u0645\u0647 \u0627\u0644\u0627\u0628\u062a\u062f\u0627\u0626\u064a \u0648\u0627\u0644\u0625\u0639\u062f\u0627\u062f\u064a \u0648\u0627\u0644\u062b\u0627\u0646\u0648\u064a \u0641\u064a \u0645\u062f\u064a\u0646\u0629 \u0642\u0648\u0646\u064a\u0627. \u0641\u064a \u0639\u0627\u0645 \u0661\u0669\u0668\u0666 \u062e\u0637\u0627 \u062e\u0637\u0648\u062a\u0647 \u0627\u0644\u0623\u0648\u0644\u0649 \u0646\u062d\u0648 \u0645\u0647\u0646\u0629 \u0627\u0644\u0637\u0628 \u0641\u064a \u0643\u0644\u064a\u0629 \u0627\u0644\u0637\u0628 \u0628\u062c\u0627\u0645\u0639\u0629 \u0633\u0644\u062c\u0648\u0642 \u0641\u064a \u0642\u0648\u0646\u064a\u0627\u060c \u0648\u062a\u062e\u0631\u062c \u0643\u0637\u0628\u064a\u0628 \u0641\u064a \u0639\u0627\u0645 \u0661\u0669\u0669\u0663.<\/p>\n\n\n\n<ul class=\"wp-block-list\">\n<li>\u0623\u062a\u0645 \u0627\u0644\u062e\u062f\u0645\u0629 \u0627\u0644\u0625\u0644\u0632\u0627\u0645\u064a\u0629 \u0641\u064a \u0648\u0644\u0627\u064a\u0629 \u0646\u063a\u062f\u0629 \u0628\u064a\u0646 \u0639\u0627\u0645\u064a \u0661\u0669\u0669\u0663 \u0648 \u0661\u0669\u0669\u0665.<\/li>\n\n\n\n<li>\u0648\u0639\u0645\u0644 \u0643\u0637\u0628\u064a\u0628 \u0641\u064a \u0645\u0631\u0643\u0632 \u0635\u062d\u064a \u0641\u064a \u0645\u0646\u0637\u0642\u0629 \u063a\u0648\u0646\u062f\u0648\u063a\u0645\u0648\u0634\u060c \u0648\u0644\u0627\u064a\u0629 \u0623\u0646\u0637\u0627\u0644\u064a\u0627 \u0628\u064a\u0646 \u0639\u0627\u0645\u064a \u0661\u0669\u0669\u0666 \u0648 \u0662\u0660\u0660\u0660.<\/li>\n\n\n\n<li>\u0648\u0628\u064a\u0646 \u0639\u0627\u0645\u064a \u0662\u0660\u0660\u0660 \u0648 \u0662\u0660\u0660\u0664 \u0639\u0645\u0644 \u0643\u0637\u0628\u064a\u0628 \u0631\u0626\u064a\u0633\u064a \u0644\u0645\u0646\u0637\u0642\u0629 \u0623\u0646\u0637\u0627\u0644\u064a\u0627 \u0641\u064a \u0627\u0644\u0645\u062f\u064a\u0631\u064a\u0629 \u0627\u0644\u0639\u0627\u0645\u0629 \u0644\u0635\u062d\u0629 \u0627\u0644\u062d\u062f\u0648\u062f \u0648\u0627\u0644\u0634\u0648\u0627\u0637\u0626 \u0628\u0648\u0632\u0627\u0631\u0629 \u0627\u0644\u0635\u062d\u0629.<\/li>\n\n\n\n<li>\u062b\u0645 \u0627\u0633\u062a\u0645\u0631 \u0641\u064a \u062a\u0642\u062f\u064a\u0645 \u062e\u062f\u0645\u0627\u062a \u0627\u0644\u0637\u0628\u064a\u0629 \u0643\u0637\u0628\u064a\u0628 \u0641\u064a \u0642\u0633\u0645 \u0627\u0644\u0637\u0648\u0627\u0631\u0626 \u0641\u064a \u0645\u0633\u062a\u0634\u0641\u0649 \u0633\u0631\u0644\u0643 \u0627\u0644\u062d\u0643\u0648\u0645\u064a \u0628\u0623\u0646\u0637\u0627\u0644\u064a\u0627 \u0641\u064a \u0627\u0644\u0641\u062a\u0631\u0629 \u0645\u0646 \u0662\u0660\u0660\u0664 \u0625\u0644\u0649 \u0662\u0660\u0660\u0669.<\/li>\n<\/ul>\n\n\n\n<p>Dr. Hakan Do\u011fanay evli ve 1 erkek \u00e7ocu\u011fu babas\u0131d\u0131r.<\/p>\n\n\n\n<h2 class=\"wp-block-heading\"><span class=\"ez-toc-section\" id=\"%D8%AA%D8%A7%D8%B1%D9%8A%D8%AE_%D8%B2%D8%B1%D8%A7%D8%B9%D8%A9_%D8%A7%D9%84%D8%B4%D8%B9%D8%B1_%D9%84%D9%84%D8%AF%D9%83%D8%AA%D9%88%D8%B1_%D8%AF%D9%88%D8%BA%D8%A7%D9%86%D8%A7%D9%8A\"><\/span>\u062a\u0627\u0631\u064a\u062e \u0632\u0631\u0627\u0639\u0629 \u0627\u0644\u0634\u0639\u0631 \u0644\u0644\u062f\u0643\u062a\u0648\u0631 \u062f\u0648\u063a\u0627\u0646\u0627\u064a<span class=\"ez-toc-section-end\"><\/span><\/h2>\n\n\n\n<p>\u0627\u0644\u062f\u0643\u062a\u0648\u0631 \u0647\u0643\u0627\u0646 \u062f\u0648\u063a\u0627\u0646\u0627\u064a \u0623\u0633\u0633 \u0645\u0631\u0643\u0632 \u0625\u064a\u0647 \u0625\u062a\u0634 \u062f\u064a \u0644\u0632\u0631\u0627\u0639\u0629 \u0627\u0644\u0634\u0639\u0631 \u0641\u064a \u0639\u0627\u0645 \u0662\u0660\u0660\u0663. \u0648\u0641\u064a \u0639\u0627\u0645 \u0662\u0660\u0660\u0664 \u0634\u0627\u0631\u0643 \u0641\u064a \u0627\u0644\u062f\u0648\u0631\u0627\u062a \u0627\u0644\u062a\u064a \u0627\u0641\u062a\u062a\u062d\u062a\u0647\u0627 \u0648\u0632\u0627\u0631\u0629 \u0627\u0644\u0635\u062d\u0629 \u0648\u062d\u0635\u0644 \u0639\u0644\u0649 \u0634\u0647\u0627\u062f\u0629 \u0627\u0644\u0637\u0628 \u0627\u0644\u062a\u062c\u0645\u064a\u0644\u064a \u0627\u0644\u0637\u0628\u064a \u0645\u0645\u0627 \u0633\u0627\u0639\u062f\u0647 \u0641\u064a \u062a\u0633\u0631\u064a\u0639 \u0639\u0645\u0644\u064a\u0627\u062a \u0632\u0631\u0627\u0639\u0629 \u0627\u0644\u0634\u0639\u0631. \u0648\u0641\u064a \u0639\u0627\u0645 \u0662\u0660\u0660\u0669 \u062a\u0631\u0643 \u0645\u0646\u0635\u0628\u0647 \u0627\u0644\u062d\u0643\u0648\u0645\u064a \u0644\u062a\u0643\u0631\u064a\u0633 \u0627\u0644\u0645\u0632\u064a\u062f \u0645\u0646 \u0627\u0644\u0648\u0642\u062a \u0644\u0632\u0631\u0627\u0639\u0629 \u0627\u0644\u0634\u0639\u0631 \u0648\u0644\u0627 \u064a\u0632\u0627\u0644 \u064a\u0648\u0627\u0635\u0644 \u0625\u062c\u0631\u0627\u0621 \u0639\u0645\u0644\u064a\u0627\u062a \u0632\u0631\u0627\u0639\u0629 \u0627\u0644\u0634\u0639\u0631 \u0628\u062f\u0648\u0627\u0645 \u0643\u0627\u0645\u0644.<\/p>\n\n\n\n<p>\u0627\u0644\u062f\u0643\u062a\u0648\u0631 \u0647\u0627\u0643\u0627\u0646 \u062f\u0648\u063a\u0627\u0646\u0627\u064a \u062e\u0637\u0627 \u0641\u064a \u0632\u0631\u0627\u0639\u0629 \u0627\u0644\u0634\u0639\u0631 \u0639\u0627\u0645 \u0662\u0660\u0660\u0663 \u0628\u0637\u0631\u064a\u0642\u0629 \u0641\u0648\u062a. \u0648\u0645\u0646\u0630 \u0639\u0627\u0645 \u0662\u0660\u0660\u0665 \u0628\u062f\u0623 \u0632\u0631\u0627\u0639\u0627\u062a \u0627\u0644\u0634\u0639\u0631 \u0628\u0637\u0631\u064a\u0642\u0629 \u0641\u0648\u064a\u064a \u0643\u062a\u0642\u0646\u064a\u0629 \u0623\u0643\u062b\u0631 \u062d\u062f\u0627\u062b\u0629.<\/p>\n\n\n\n<p>\u0627\u0644\u062f\u0643\u062a\u0648\u0631 \u062f\u0648\u063a\u0627\u0646\u0627\u064a \u0628\u062f\u0623 \u0628\u062a\u0637\u0628\u064a\u0642 \u062a\u0642\u0646\u064a\u0629 \u0632\u0631\u0627\u0639\u0629 \u0627\u0644\u0634\u0639\u0631 \u062f\u062d\u064a \u0645\u0646\u0630 \u0639\u0627\u0645 \u0662\u0660\u0661\u0660 \u0639\u0646\u062f\u0645\u0627 \u0643\u0627\u0646\u062a \u062a\u0642\u0646\u064a\u0629 \u063a\u064a\u0631 \u0645\u0639\u0631\u0648\u0641\u0629 \u062d\u062a\u0649 \u0628\u0627\u0633\u0645\u0647\u0627 \u0641\u064a \u062a\u0631\u0643\u064a\u0627. \u0625\u0630 \u0623\u0646 \u0631\u0627\u0626\u062f \u062a\u0642\u0646\u064a\u0629 \u062f\u062d\u064a \u0644\u0632\u0631\u0627\u0639\u0629 \u0627\u0644\u0634\u0639\u0631 \u0627\u0644\u0645\u0639\u0631\u0648\u0641\u0629 \u0628\u062a\u0642\u0646\u064a\u0629 \u0627\u0644\u0642\u0644\u0645 \u0627\u0644\u0632\u0631\u0627\u0639\u064a \u0641\u064a \u062a\u0631\u0643\u064a\u0627 \u0647\u0648 \u0627\u0644\u062f\u0643\u062a\u0648\u0631 \u0647\u0627\u0643\u0627\u0646 \u062f\u0648\u063a\u0627\u0646\u0627\u064a. \u0625\u0630\u0627 \u0643\u062a\u0628\u062a \u0641\u064a \u0634\u0631\u064a\u0637 \u0627\u0644\u0628\u062d\u062b \u0641\u064a \u064a\u0648\u062a\u064a\u0648\u0628 &#8220;dhi sa\u00e7 ekimi before:2011&#8221; \u0641\u0633\u062a\u0631\u0649 \u0641\u0642\u0637 \u0641\u064a\u062f\u064a\u0648\u0627\u062a \u0627\u0644\u062f\u0643\u062a\u0648\u0631 \u062f\u0648\u063a\u0627\u0646\u0627\u064a \u0628\u062a\u0642\u0646\u064a\u0629 \u0627\u0644\u0642\u0644\u0645 \u0641\u064a \u062a\u0644\u0643 \u0627\u0644\u0633\u0646\u0648\u0627\u062a. \u0625\u0630\u0627 \u0646\u0638\u0631\u062a \u0625\u0644\u0649 \u062a\u0648\u0627\u0631\u064a\u062e \u0646\u0634\u0631 \u0645\u0642\u0627\u0637\u0639 \u064a\u0648\u062a\u064a\u0648\u0628\u060c \u064a\u0645\u0643\u0646\u0643 \u0631\u0624\u064a\u0629 \u0641\u064a\u062f\u064a\u0648\u0627\u062a \u062f\u062d\u064a \u0644\u0639\u064a\u0627\u062f\u0627\u062a \u0623\u062e\u0631\u0649 \u0641\u0642\u0637 \u0628\u0639\u062f \u0639\u0627\u0645 \u0662\u0660\u0661\u0667.<\/p>\n\n\n\n<p>\u0627\u0644\u062f\u0643\u062a\u0648\u0631 \u062f\u0648\u063a\u0627\u0646\u0627\u064a \u062d\u0627\u0644\u064a\u0627 \u0641\u064a \u0639\u0645\u0644\u064a\u0627\u062a \u0632\u0631\u0627\u0639\u0629 \u0627\u0644\u0634\u0639\u0631 \u064a\u0637\u0628\u0642 \u0632\u0631\u0627\u0639\u0629 \u0627\u0644\u0637\u0639\u0648\u0645 \u0641\u064a \u0645\u0646\u0637\u0642\u0629 \u0627\u0644\u0645\u0633\u062a\u0642\u0628\u0644 \u0641\u0642\u0637 \u0628\u062a\u0642\u0646\u064a\u0629 DHI. \u0644\u0623\u0646\u0647 \u0641\u064a \u0647\u0630\u0647 \u0627\u0644\u062a\u0642\u0646\u064a\u0629 \u0642\u062f \u062b\u0628\u062a \u0623\u0646 \u0646\u0633\u0628\u0629 \u0633\u0639\u0627\u062f\u0629 \u0627\u0644\u0623\u0634\u062e\u0627\u0635 \u0627\u0644\u0630\u064a\u0646 \u062a\u0645\u062a \u0644\u0647\u0645 \u0632\u0631\u0627\u0639\u0629 \u0627\u0644\u0634\u0639\u0631 \u062a\u0643\u0648\u0646 \u0623\u0639\u0644\u0649.<\/p>\n\n\n\n<p>\u0627\u0644\u0625\u062c\u0631\u0627\u0621\u0627\u062a \u0641\u064a \u0639\u064a\u0627\u062f\u0629 \u0623\u062a\u0634 \u062f\u064a<\/p>\n\n\n\n<ul class=\"wp-block-list\">\n<li>\u0632\u0631\u0627\u0639\u0629 \u0627\u0644\u0634\u0639\u0631 \u0644\u0644\u0646\u0633\u0627\u0621 \u0648\u0627\u0644\u0631\u062c\u0627\u0644 \u0628\u0634\u0639\u0631 \u0645\u062d\u0644\u0648\u0642 \u0648\u063a\u064a\u0631 \u0645\u062d\u0644\u0648\u0642<\/li>\n\n\n\n<li>\u0632\u0631\u0627\u0639\u0629 \u0627\u0644\u0644\u062d\u064a\u0629 \u0648\u0627\u0644\u0634\u0627\u0631\u0628<\/li>\n\n\n\n<li>\u0632\u0631\u0627\u0639\u0629 \u0627\u0644\u0634\u0639\u0631 \u0645\u0646 \u0634\u0639\u0631 \u0627\u0644\u062c\u0633\u0645 \u0645\u062b\u0644 \u0627\u0644\u0644\u062d\u064a\u0629 \u0648\u0627\u0644\u0635\u062f\u0631<\/li>\n\n\n\n<li>\u0632\u0631\u0627\u0639\u0629 \u0627\u0644\u062d\u0648\u0627\u062c\u0628<\/li>\n\n\n\n<li>\u064a\u062a\u0645 \u062a\u0646\u0641\u064a\u0630 \u0639\u0645\u0644\u064a\u0627\u062a \u062a\u0635\u062d\u064a\u062d \u0639\u0645\u0644\u064a\u0627\u062a \u0632\u0631\u0627\u0639\u0629 \u0627\u0644\u0634\u0639\u0631 \u0627\u0644\u062e\u0627\u0637\u0626\u0629 \u0648\u0627\u0644\u0641\u0627\u0634\u0644\u0629 \u0627\u0644\u062a\u064a \u062a\u0645 \u0625\u062c\u0631\u0627\u0624\u0647\u0627 \u0641\u064a \u0639\u064a\u0627\u062f\u0627\u062a \u0623\u062e\u0631\u0649 \u0644\u0633\u0646\u0648\u0627\u062a \u0639\u062f\u064a\u062f\u0629.<\/li>\n<\/ul>\n\n\n\n<p>\u0648\u0639\u0644\u0627\u0648\u0629 \u0639\u0644\u0649 \u0630\u0644\u0643\u060c \u0641\u0647\u0648 \u0623\u062d\u062f \u0627\u0644\u0623\u0639\u0636\u0627\u0621 \u0627\u0644\u0645\u0624\u0633\u0633\u064a\u0646 \u0644\u062c\u0645\u0639\u064a\u0629 \u0623\u0637\u0628\u0627\u0621 \u0632\u0631\u0627\u0639\u0629 \u0627\u0644\u0634\u0639\u0631 \u0641\u064a \u062a\u0631\u0643\u064a\u0627\u060c \u0645\u0639 \u0645\u062c\u0645\u0648\u0639\u0629 \u0645\u0646 \u0632\u0645\u0644\u0627\u0626\u0647 \u0627\u0644\u0623\u0637\u0628\u0627\u0621 \u0627\u0644\u0630\u064a\u0646 \u0643\u0631\u0633\u0648\u0627 \u0623\u0646\u0641\u0633\u0647\u0645 \u0644\u0632\u0631\u0627\u0639\u0629 \u0627\u0644\u0634\u0639\u0631 \u0641\u064a \u062a\u0631\u0643\u064a\u0627. \u0647\u062f\u0641 \u0647\u0630\u0647 \u0627\u0644\u062c\u0645\u0639\u064a\u0629 \u0647\u0648 \u0623\u0646 \u062a\u0636\u0639 \u0639\u0645\u0644\u064a\u0627\u062a \u0632\u0631\u0627\u0639\u0629 \u0627\u0644\u0634\u0639\u0631 \u0641\u064a \u062a\u0631\u0643\u064a\u0627 \u0641\u064a \u0627\u0644\u0645\u0643\u0627\u0646\u0629 \u0627\u0644\u0645\u0631\u0645\u0648\u0642\u0629 \u0627\u0644\u062a\u064a \u062a\u0633\u062a\u062d\u0642\u0647\u0627 \u0641\u064a \u062c\u0645\u064a\u0639 \u0623\u0646\u062d\u0627\u0621 \u0627\u0644\u0639\u0627\u0644\u0645\u060c \u0648\u0623\u0646 \u062a\u0638\u0647\u0631 \u0627\u0644\u062d\u0642\u0627\u0626\u0642 \u0643\u0645\u0627 \u0647\u064a \u0644\u0644\u0623\u0634\u062e\u0627\u0635 \u0627\u0644\u0631\u0627\u063a\u0628\u064a\u0646 \u0641\u064a \u0632\u0631\u0627\u0639\u0629 \u0627\u0644\u0634\u0639\u0631.<\/p>\n\n\n\n<h3 class=\"wp-block-heading\">\u0627\u0644\u0639\u0636\u0648\u064a\u0627\u062a \u0627\u0644\u062f\u0648\u0644\u064a\u0629<\/h3>\n\n\n\n<p>\u0627\u0644\u062f\u0643\u062a\u0648\u0631 \u062d\u0643\u0627\u0646 \u062f\u0648\u063a\u0627\u0646\u0627\u064a \u0645\u0646 \u0628\u064a\u0646 \u0627\u0644\u0623\u0637\u0628\u0627\u0621 \u0627\u0644\u0645\u0648\u0635\u0649 \u0628\u0647\u0645 \u0641\u064a \u0627\u0644\u0639\u062f\u064a\u062f \u0645\u0646 \u062c\u0645\u0639\u064a\u0627\u062a \u0632\u0631\u0627\u0639\u0629 \u0627\u0644\u0634\u0639\u0631 \u0648\u0645\u0648\u0627\u0642\u0639 \u0627\u0644\u0645\u0646\u062a\u062f\u064a\u0627\u062a \u0639\u0644\u0649 \u0627\u0644\u0645\u0633\u062a\u0648\u0649 \u0627\u0644\u062f\u0648\u0644\u064a. \u0648\u0628\u0646\u0627\u0621 \u0639\u0644\u0649 \u0630\u0644\u0643 \u062a\u0631\u062f \u0625\u0644\u0649 \u0639\u064a\u0627\u062f\u062a\u0646\u0627 \u0637\u0644\u0628\u0627\u062a \u0644\u0632\u0631\u0627\u0639\u0629 \u0627\u0644\u0634\u0639\u0631 \u0645\u0646 \u062c\u0645\u064a\u0639 \u0623\u0646\u062d\u0627\u0621 \u0627\u0644\u0639\u0627\u0644\u0645. \u0648\u0641\u064a\u0645\u0627 \u064a\u0644\u064a \u0631\u0648\u0627\u0628\u0637 \u0628\u0639\u0636 \u0647\u0630\u0647 \u0627\u0644\u0645\u0624\u0633\u0633\u0627\u062a.<\/p>\n\n\n\n<div class=\"wp-block-essential-blocks-row alignfull  root-eb-row-wtah7\"><div class=\"eb-parent-wrapper eb-parent-eb-row-wtah7 \"><div class=\"eb-row-root-container eb-row-wtah7\" data-id=\"eb-row-wtah7\"><div class=\"eb-row-wrapper\"><div class=\"eb-row-inner\">\n<div class=\"wp-block-essential-blocks-column  root-eb-column-6kjip\"><div class=\"eb-parent-wrapper eb-parent-eb-column-6kjip \"><div class=\"eb-column-wrapper eb-column-6kjip\"><div class=\"eb-column-inner\">\n<div class=\"wp-block-essential-blocks-advanced-image  root-eb-advanced-image-bflx7\"><div class=\"eb-parent-wrapper eb-parent-eb-advanced-image-bflx7 \"><figure class=\"eb-advanced-image-wrapper eb-advanced-image-bflx7 no-effect\" data-id=\"eb-advanced-image-bflx7\"><div class=\"eb-image-wrapper\"><div class=\"eb-image-wrapper-inner eb-img-style-rounded\"><img decoding=\"async\" src=\"https:\/\/www.ahdclinic.com\/wp-content\/uploads\/2025\/10\/ahla-american-hair-loss-.webp\" alt=\"\"\/><\/div><a class=\"eb-image-link\" href=\"https:\/\/www.americanhairloss.org\/hair-transplant-surgeons\/hakan-doganay\/\" target=\"_blank\" rel=\"noopener\"><\/a><\/div><\/figure><\/div><\/div>\n<\/div><\/div><\/div><\/div>\n\n\n\n<div class=\"wp-block-essential-blocks-column  root-eb-column-mkw7j\"><div class=\"eb-parent-wrapper eb-parent-eb-column-mkw7j \"><div class=\"eb-column-wrapper eb-column-mkw7j\"><div class=\"eb-column-inner\">\n<div class=\"wp-block-essential-blocks-advanced-image  root-eb-advanced-image-6mr87\"><div class=\"eb-parent-wrapper eb-parent-eb-advanced-image-6mr87 \"><figure class=\"eb-advanced-image-wrapper eb-advanced-image-6mr87 no-effect\" data-id=\"eb-advanced-image-6mr87\"><div class=\"eb-image-wrapper\"><div class=\"eb-image-wrapper-inner eb-img-style-rounded\"><img decoding=\"async\" src=\"https:\/\/www.ahdclinic.com\/wp-content\/uploads\/2025\/03\/iahrs.jpeg\" alt=\"\"\/><\/div><a class=\"eb-image-link\" href=\"https:\/\/www.iahrs.org\/hair-transplant\/hakan-doganay\" target=\"_blank\" rel=\"noopener\"><\/a><\/div><\/figure><\/div><\/div>\n<\/div><\/div><\/div><\/div>\n\n\n\n<div class=\"wp-block-essential-blocks-column  root-eb-column-nvpgw\"><div class=\"eb-parent-wrapper eb-parent-eb-column-nvpgw \"><div class=\"eb-column-wrapper eb-column-nvpgw\"><div class=\"eb-column-inner\">\n<div class=\"wp-block-essential-blocks-advanced-image  root-eb-advanced-image-xke6j\"><div class=\"eb-parent-wrapper eb-parent-eb-advanced-image-xke6j \"><figure class=\"eb-advanced-image-wrapper eb-advanced-image-xke6j no-effect\" data-id=\"eb-advanced-image-xke6j\"><div class=\"eb-image-wrapper\"><div class=\"eb-image-wrapper-inner eb-img-style-rounded\"><img decoding=\"async\" src=\"https:\/\/www.ahdclinic.com\/wp-content\/uploads\/2025\/03\/hairsite.gif\" alt=\"hairsite\"\/><\/div><a class=\"eb-image-link\" href=\"https:\/\/hairsite.com\/doctor\/antalya-turkey\/ahd-hair-transplant-reviews-antalya-turkey\/\" target=\"_blank\" rel=\"noopener\"><\/a><\/div><\/figure><\/div><\/div>\n<\/div><\/div><\/div><\/div>\n\n\n\n<div class=\"wp-block-essential-blocks-column  root-eb-column-g8tzd\"><div class=\"eb-parent-wrapper eb-parent-eb-column-g8tzd \"><div class=\"eb-column-wrapper eb-column-g8tzd\"><div class=\"eb-column-inner\">\n<div class=\"wp-block-essential-blocks-advanced-image  root-eb-advanced-image-8vxuw\"><div class=\"eb-parent-wrapper eb-parent-eb-advanced-image-8vxuw \"><figure class=\"eb-advanced-image-wrapper eb-advanced-image-8vxuw no-effect\" data-id=\"eb-advanced-image-8vxuw\"><div class=\"eb-image-wrapper\"><div class=\"eb-image-wrapper-inner eb-img-style-rounded\"><img decoding=\"async\" src=\"https:\/\/www.ahdclinic.com\/wp-content\/uploads\/2025\/02\/hairloss.webp\" alt=\"\"\/><\/div><a class=\"eb-image-link\" href=\"https:\/\/www.hairlossexperiences.com\/forums\/dr-hakan-doganay.36\/\" target=\"_blank\" rel=\"noopener\"><\/a><\/div><\/figure><\/div><\/div>\n<\/div><\/div><\/div><\/div>\n\n\n\n<div class=\"wp-block-essential-blocks-column  root-eb-column-n1ie0\"><div class=\"eb-parent-wrapper eb-parent-eb-column-n1ie0 \"><div class=\"eb-column-wrapper eb-column-n1ie0\"><div class=\"eb-column-inner\">\n<div class=\"wp-block-essential-blocks-advanced-image  root-eb-advanced-image-kzzdw\"><div class=\"eb-parent-wrapper eb-parent-eb-advanced-image-kzzdw \"><figure class=\"eb-advanced-image-wrapper eb-advanced-image-kzzdw no-effect\" data-id=\"eb-advanced-image-kzzdw\"><div class=\"eb-image-wrapper\"><div class=\"eb-image-wrapper-inner eb-img-style-rounded\"><img decoding=\"async\" src=\"https:\/\/www.ahdclinic.com\/wp-content\/uploads\/2025\/02\/international.webp\" alt=\"\"\/><\/div><a class=\"eb-image-link\" href=\"https:\/\/www.international-hairlossforum.com\/viewforum.php?f=90&amp;sid=d3be920c12e5bf7e7642dd88eb83c095\" target=\"_blank\" rel=\"noopener\"><\/a><\/div><\/figure><\/div><\/div>\n<\/div><\/div><\/div><\/div>\n\n\n\n<div class=\"wp-block-essential-blocks-column  root-eb-column-6pylo\"><div class=\"eb-parent-wrapper eb-parent-eb-column-6pylo \"><div class=\"eb-column-wrapper eb-column-6pylo\"><div class=\"eb-column-inner\">\n<div class=\"wp-block-essential-blocks-advanced-image  root-eb-advanced-image-gv3da\"><div class=\"eb-parent-wrapper eb-parent-eb-advanced-image-gv3da \"><figure class=\"eb-advanced-image-wrapper eb-advanced-image-gv3da no-effect\" data-id=\"eb-advanced-image-gv3da\"><div class=\"eb-image-wrapper\"><div class=\"eb-image-wrapper-inner eb-img-style-rounded\"><img decoding=\"async\" src=\"https:\/\/www.ahdclinic.com\/wp-content\/uploads\/2025\/10\/best-hair-transplnt-doctors-.webp\" alt=\"\"\/><\/div><a class=\"eb-image-link\" href=\"https:\/\/www.apetogentleman.com\/worlds-best-hair-transplant-doctors\/\" target=\"_blank\" rel=\"noopener\"><\/a><\/div><\/figure><\/div><\/div>\n<\/div><\/div><\/div><\/div>\n<\/div><\/div><\/div><\/div><\/div>\n","protected":false},"excerpt":{"rendered":"<p>\u0627\u0644\u062f\u0643\u062a\u0648\u0631 \u0647\u0643\u0627\u0646 \u062f\u0648\u063a\u0627\u0646\u0627\u064a \u0627\u0644\u0630\u064a \u064a\u062d\u0638\u0649 \u0628\u0645\u0643\u0627\u0646\u0629 \u0645\u0631\u0645\u0648\u0642\u0629 \u0641\u064a \u062a\u0631\u0643\u064a\u0627 \u0648\u0627\u0644\u0639\u0627\u0644\u0645 \u0647\u0648 \u0639\u0636\u0648 \u0641\u064a \u0627\u0644\u0639\u062f\u064a\u062f \u0645\u0646 \u0627\u0644\u0645\u0624\u0633\u0633\u0627\u062a \u0627\u0644\u062f\u0648\u0644\u064a\u0629 \u0644\u062c\u0631\u0627\u062d\u0629 \u0627\u0644\u0634\u0639\u0631. \u0627\u0644\u062f\u0643\u062a\u0648\u0631 \u062f\u0648\u063a\u0627\u0646\u0627\u064a \u0645\u0624\u0633\u0633 \u0639\u064a\u0627\u062f\u0629 \u0623\u064a\u0647 \u0625\u062a\u0634 \u062f\u064a \u064a\u0648\u0627\u0635\u0644 \u0623\u0628\u062d\u0627\u062b\u0647 \u0641\u064a \u0639\u064a\u0627\u062f\u062a\u0647 \u0627\u0644\u062e\u0627\u0635\u0629 \u0641\u064a \u0623\u0646\u0637\u0627\u0644\u064a\u0627. \u0633\u064a\u0631\u0629 \u0627\u0644\u062f\u0643\u062a\u0648\u0631 \u0647\u0643\u0627\u0646 \u062f\u0648\u063a\u0627\u0646\u0627\u064a \u0627\u0644\u0630\u0627\u062a\u064a\u0629 \u0627\u0644\u062f\u0643\u062a\u0648\u0631 \u062f\u0648\u063a\u0627\u0646\u0627\u064a \u0648\u0644\u062f \u0641\u064a \u0639\u0627\u0645 \u0661\u0669\u0666\u0669 \u0641\u064a \u0627\u0633\u0637\u0646\u0628\u0648\u0644. \u0623\u0646\u0647\u0649 \u062a\u0639\u0644\u064a\u0645\u0647 \u0627\u0644\u0627\u0628\u062a\u062f\u0627\u0626\u064a \u0648\u0627\u0644\u0625\u0639\u062f\u0627\u062f\u064a \u0648\u0627\u0644\u062b\u0627\u0646\u0648\u064a \u0641\u064a \u0645\u062f\u064a\u0646\u0629 \u0642\u0648\u0646\u064a\u0627. \u0641\u064a [&hellip;]<\/p>\n","protected":false},"author":2,"featured_media":0,"parent":0,"menu_order":0,"comment_status":"closed","ping_status":"closed","template":"","meta":{"_eb_attr":"","_eb_data_table":"","footnotes":""},"class_list":["post-21352","page","type-page","status-publish","hentry"],"_links":{"self":[{"href":"https:\/\/www.ahdclinic.com\/ar\/wp-json\/wp\/v2\/pages\/21352","targetHints":{"allow":["GET"]}}],"collection":[{"href":"https:\/\/www.ahdclinic.com\/ar\/wp-json\/wp\/v2\/pages"}],"about":[{"href":"https:\/\/www.ahdclinic.com\/ar\/wp-json\/wp\/v2\/types\/page"}],"author":[{"embeddable":true,"href":"https:\/\/www.ahdclinic.com\/ar\/wp-json\/wp\/v2\/users\/2"}],"replies":[{"embeddable":true,"href":"https:\/\/www.ahdclinic.com\/ar\/wp-json\/wp\/v2\/comments?post=21352"}],"version-history":[{"count":2,"href":"https:\/\/www.ahdclinic.com\/ar\/wp-json\/wp\/v2\/pages\/21352\/revisions"}],"predecessor-version":[{"id":21355,"href":"https:\/\/www.ahdclinic.com\/ar\/wp-json\/wp\/v2\/pages\/21352\/revisions\/21355"}],"wp:attachment":[{"href":"https:\/\/www.ahdclinic.com\/ar\/wp-json\/wp\/v2\/media?parent=21352"}],"curies":[{"name":"wp","href":"https:\/\/api.w.org\/{rel}","templated":true}]}}